{"id":103,"date":"2011-01-20T20:23:29","date_gmt":"2011-01-20T23:23:29","guid":{"rendered":"http:\/\/ludilau.com.ar\/"},"modified":"2024-02-16T19:37:44","modified_gmt":"2024-02-16T22:37:44","slug":"quienes-somos","status":"publish","type":"page","link":"https:\/\/www.ludilau.com.ar\/web\/quienes-somos\/","title":{"rendered":"Qui\u00e9nes somos"},"content":{"rendered":"<div id=\"_mcePaste\"><strong><span style=\"color: #ff6600;\"><em>Espacio Ludilau<\/em><\/span><\/strong> nace a principios del 2010 con el objetivo de acompa\u00f1ar a las familias durante los primeros a\u00f1os de vida de sus hijes, ofreci\u00e9ndoles un lugar c\u00e1lido y agradable, educativo y recreativo con actividades especialmente pensadas para que ma\/padres puedan compartir con sus ni\u00f1es y otras familias.<\/div>\n<div id=\"_mcePaste\">Es un espacio que acompa\u00f1a a las familias durante el embarazo, el postparto y los primeros a\u00f1os de vida ofreciendo talleres para embarazadas, Masaje para Beb\u00e9s, Grupos de Juego y M\u00fasica. Actividades sumamente placenteras que brindan un espacio de juego compartido donde se \u00a0enriquece el v\u00ednculo a trav\u00e9s de la socializaci\u00f3n y el juego\u00a0 favoreciendo el desarrollo motor, afectivo e intelectual de les ni\u00f1es.<\/div>\n<div id=\"_mcePaste\">Los talleres que ofrece Espacio Ludilau tienen como eje central la creatividad, la expresividad, la exploraci\u00f3n, la sociabilizaci\u00f3n y la recreaci\u00f3n a trav\u00e9s del juego, el arte, la m\u00fasica, la literatura, los masajes, mimos y la alegr\u00eda. Los docentes acompa\u00f1an \u00a0a los ni\u00f1os y a los padres en la tarea del autoconocimiento, estimulando la confianza en s\u00ed mismos y favoreciendo de esta manera el desarrollo de la autoestima.<\/div>\n<div id=\"_mcePaste\">El objetivo de los talleres para ni\u00f1es no es \u00abformar artistas\u00bb, sino estimular en les ni\u00f1es su natural capacidad creativa.<\/div>\n<div id=\"_mcePaste\">Somos un equipo de profesionales de las artes y de la educaci\u00f3n comprometidxs con la feliz tarea de acompa\u00f1arlos en esta etapa tan especial que son los primeros a\u00f1os de vida de sus hijes impregnando los encuentros con canciones, bailes, rondas, mimos, risas, alegr\u00eda, escucha y dedicaci\u00f3n.<\/div>\n<hr size=\"1\" \/>\n<h1>Laura Uchitel<\/h1>\n<div><strong><span style=\"color: #ff6600;\"><em><span style=\"color: #808080;\">Directora y creadora de <\/span>\u00abEspacio Ludilau\u00bb<\/em><\/span><\/strong><\/div>\n<div id=\"_mcePaste\">\n<p>Soy Licenciada en Psicomotricidad, egresada de la Universidad CAECE.<\/p>\n<p>Educadora de Masaje Infantil, formada en la Asociaci\u00f3n Internacional de Masaje Infantil (AIMI). Particip\u00e9 en el hermoso proyecto de investigaci\u00f3n \u201cBeneficios del masaje infantil en beb\u00e9s prematuros\u201d del Hospital Durand donde disfrut\u00e9 de compartir y fomentar la importancia del contacto y el v\u00ednculo temprano durante los primeros meses de vida\u2026. Esta experiencia fue la semillita que me condujo a crear Espacio Ludilau!<\/p>\n<p>Desde hace m\u00e1s de 20 a\u00f1os disfruto coordinando Talleres de Masaje para Beb\u00e9s (Shantala) actividad que me impuls\u00f3 a sumergirme en la apasionada propuesta de coordinaci\u00f3n de Grupos de Juego de mam\u00e1s y\/o pap\u00e1s con beb\u00e9s. Aqu\u00ed fue donde volv\u00ed a tomar contacto con mi pasi\u00f3n por la m\u00fasica y el movimiento sintiendo la necesidad de profundizar en relaci\u00f3n a la m\u00fasica y la primera infancia. Comenc\u00e9, entonces, la formaci\u00f3n en Pedagog\u00eda Musical con Liliana Cucco, a tomar \u00a0capacitaciones docentes de\u00a0 \u201cActualizaci\u00f3n did\u00e1ctica en M\u00fasica y Movimiento de la Asociaci\u00f3n Argentina OrffShulewrk\u201d a coordinar talleres de Iniciaci\u00f3n Musical para ni\u00f1es solos y de M\u00fasica y Movimiento para compartir en familia.<\/p>\n<p>Todas estas experiencias me impulsaron a seguir buceando e investigando en relaci\u00f3n al juego, la educaci\u00f3n y la salud en Primera Infancia; sobre nuevas propuestas para abordar la vincularidad, el juego y la sociabilizaci\u00f3n pensando a les ma\/padres, beb\u00e9s y ni\u00f1es cada une con sus necesidades y b\u00fasquedas, siempre haciendo hincapi\u00e9 en utilizar como herramientas el movimiento, el arte, la expresividad y la m\u00fasica\u2026 pensando en lo vincular a trav\u00e9s del contacto, lo expresivo y lo l\u00fadico.<\/p>\n<p>Disfruto much\u00edsimo de renovar y compartir cotidianamente experiencias con colegas nutri\u00e9ndonos mutuamente de recursos, \u00a0materiales, charlas y risas. Feliz de compartir el espacio con un excelente Equipo docente.<\/p>\n<p>Ya siendo mam\u00e1 y sintiendo la necesidad de poder ofrecer m\u00e1s herramientas a las familias que participan de los grupos de juego es que decid\u00ed seguir form\u00e1ndome como Asesora en Crianza y en Primera Infancia (2019) y como Doula (2023).<\/p>\n<p>Me encanta \u00a0trepar, milonguear, bicicletear por el verde, hacer piruetas, morisquetas y disfrutar del ronroneo del contrabajo.<\/p>\n<\/div>\n","protected":false},"excerpt":{"rendered":"<p>Espacio Ludilau nace a principios del 2010 con el objetivo de acompa\u00f1ar a las familias durante los primeros a\u00f1os de vida de sus hijes, ofreci\u00e9ndoles un lugar c\u00e1lido y agradable, educativo y recreativo con actividades especialmente pensadas para que ma\/padres<\/p>\n","protected":false},"author":1,"featured_media":4684,"parent":0,"menu_order":11,"comment_status":"closed","ping_status":"open","template":"","meta":{"_joinchat":[],"footnotes":""},"class_list":["post-103","page","type-page","status-publish","has-post-thumbnail","hentry"],"yoast_head":"<!-- This site is optimized with the Yoast SEO plugin v27.1.1 - https:\/\/yoast.com\/product\/yoast-seo-wordpress\/ -->\n<title>Qui\u00e9nes somos - Espacio Ludilau<\/title>\n<meta name=\"robots\" content=\"index, follow, max-snippet:-1, max-image-preview:large, max-video-preview:-1\" \/>\n<link rel=\"canonical\" href=\"https:\/\/www.ludilau.com.ar\/web\/quienes-somos\/\" \/>\n<meta property=\"og:locale\" content=\"es_ES\" \/>\n<meta property=\"og:type\" content=\"article\" \/>\n<meta property=\"og:title\" content=\"Qui\u00e9nes somos - Espacio Ludilau\" \/>\n<meta property=\"og:description\" content=\"Espacio Ludilau nace a principios del 2010 con el objetivo de acompa\u00f1ar a las familias durante los primeros a\u00f1os de vida de sus hijes, ofreci\u00e9ndoles un lugar c\u00e1lido y agradable, educativo y recreativo con actividades especialmente pensadas para que ma\/padres\" \/>\n<meta property=\"og:url\" content=\"https:\/\/www.ludilau.com.ar\/web\/quienes-somos\/\" \/>\n<meta property=\"og:site_name\" content=\"Espacio Ludilau\" \/>\n<meta property=\"article:publisher\" content=\"https:\/\/www.facebook.com\/Ludilau\" \/>\n<meta property=\"article:modified_time\" content=\"2024-02-16T22:37:44+00:00\" \/>\n<meta property=\"og:image\" content=\"https:\/\/www.ludilau.com.ar\/web\/wp-content\/uploads\/2011\/01\/sala-verde-ordenada.jpg\" \/>\n\t<meta property=\"og:image:width\" content=\"600\" \/>\n\t<meta property=\"og:image:height\" content=\"330\" \/>\n\t<meta property=\"og:image:type\" content=\"image\/jpeg\" \/>\n<meta name=\"twitter:card\" content=\"summary_large_image\" \/>\n<meta name=\"twitter:site\" content=\"@espacioludilau\" \/>\n<meta name=\"twitter:label1\" content=\"Tiempo de lectura\" \/>\n\t<meta name=\"twitter:data1\" content=\"3 minutos\" \/>\n<script type=\"application\/ld+json\" class=\"yoast-schema-graph\">{\"@context\":\"https:\/\/schema.org\",\"@graph\":[{\"@type\":\"WebPage\",\"@id\":\"https:\/\/www.ludilau.com.ar\/web\/quienes-somos\/\",\"url\":\"https:\/\/www.ludilau.com.ar\/web\/quienes-somos\/\",\"name\":\"Qui\u00e9nes somos - Espacio Ludilau\",\"isPartOf\":{\"@id\":\"https:\/\/www.ludilau.com.ar\/web\/#website\"},\"primaryImageOfPage\":{\"@id\":\"https:\/\/www.ludilau.com.ar\/web\/quienes-somos\/#primaryimage\"},\"image\":{\"@id\":\"https:\/\/www.ludilau.com.ar\/web\/quienes-somos\/#primaryimage\"},\"thumbnailUrl\":\"https:\/\/www.ludilau.com.ar\/web\/wp-content\/uploads\/2011\/01\/sala-verde-ordenada.jpg\",\"datePublished\":\"2011-01-20T23:23:29+00:00\",\"dateModified\":\"2024-02-16T22:37:44+00:00\",\"breadcrumb\":{\"@id\":\"https:\/\/www.ludilau.com.ar\/web\/quienes-somos\/#breadcrumb\"},\"inLanguage\":\"es\",\"potentialAction\":[{\"@type\":\"ReadAction\",\"target\":[\"https:\/\/www.ludilau.com.ar\/web\/quienes-somos\/\"]}]},{\"@type\":\"ImageObject\",\"inLanguage\":\"es\",\"@id\":\"https:\/\/www.ludilau.com.ar\/web\/quienes-somos\/#primaryimage\",\"url\":\"https:\/\/www.ludilau.com.ar\/web\/wp-content\/uploads\/2011\/01\/sala-verde-ordenada.jpg\",\"contentUrl\":\"https:\/\/www.ludilau.com.ar\/web\/wp-content\/uploads\/2011\/01\/sala-verde-ordenada.jpg\",\"width\":600,\"height\":330,\"caption\":\"Espacio Ludilau - Sala verde\"},{\"@type\":\"BreadcrumbList\",\"@id\":\"https:\/\/www.ludilau.com.ar\/web\/quienes-somos\/#breadcrumb\",\"itemListElement\":[{\"@type\":\"ListItem\",\"position\":1,\"name\":\"Portada\",\"item\":\"https:\/\/www.ludilau.com.ar\/web\/\"},{\"@type\":\"ListItem\",\"position\":2,\"name\":\"Qui\u00e9nes somos\"}]},{\"@type\":\"WebSite\",\"@id\":\"https:\/\/www.ludilau.com.ar\/web\/#website\",\"url\":\"https:\/\/www.ludilau.com.ar\/web\/\",\"name\":\"Espacio Ludilau\",\"description\":\"Acompa\u00f1amos a las Familias desde el juego, la m\u00fasica, el masaje, la crianza, el movimiento y la socializaci\u00f3n durante los primeros a\u00f1os de la mapaternidad.\",\"potentialAction\":[{\"@type\":\"SearchAction\",\"target\":{\"@type\":\"EntryPoint\",\"urlTemplate\":\"https:\/\/www.ludilau.com.ar\/web\/?s={search_term_string}\"},\"query-input\":{\"@type\":\"PropertyValueSpecification\",\"valueRequired\":true,\"valueName\":\"search_term_string\"}}],\"inLanguage\":\"es\"}]}<\/script>\n<!-- \/ Yoast SEO plugin. -->","yoast_head_json":{"title":"Qui\u00e9nes somos - Espacio Ludilau","robots":{"index":"index","follow":"follow","max-snippet":"max-snippet:-1","max-image-preview":"max-image-preview:large","max-video-preview":"max-video-preview:-1"},"canonical":"https:\/\/www.ludilau.com.ar\/web\/quienes-somos\/","og_locale":"es_ES","og_type":"article","og_title":"Qui\u00e9nes somos - Espacio Ludilau","og_description":"Espacio Ludilau nace a principios del 2010 con el objetivo de acompa\u00f1ar a las familias durante los primeros a\u00f1os de vida de sus hijes, ofreci\u00e9ndoles un lugar c\u00e1lido y agradable, educativo y recreativo con actividades especialmente pensadas para que ma\/padres","og_url":"https:\/\/www.ludilau.com.ar\/web\/quienes-somos\/","og_site_name":"Espacio Ludilau","article_publisher":"https:\/\/www.facebook.com\/Ludilau","article_modified_time":"2024-02-16T22:37:44+00:00","og_image":[{"width":600,"height":330,"url":"https:\/\/www.ludilau.com.ar\/web\/wp-content\/uploads\/2011\/01\/sala-verde-ordenada.jpg","type":"image\/jpeg"}],"twitter_card":"summary_large_image","twitter_site":"@espacioludilau","twitter_misc":{"Tiempo de lectura":"3 minutos"},"schema":{"@context":"https:\/\/schema.org","@graph":[{"@type":"WebPage","@id":"https:\/\/www.ludilau.com.ar\/web\/quienes-somos\/","url":"https:\/\/www.ludilau.com.ar\/web\/quienes-somos\/","name":"Qui\u00e9nes somos - Espacio Ludilau","isPartOf":{"@id":"https:\/\/www.ludilau.com.ar\/web\/#website"},"primaryImageOfPage":{"@id":"https:\/\/www.ludilau.com.ar\/web\/quienes-somos\/#primaryimage"},"image":{"@id":"https:\/\/www.ludilau.com.ar\/web\/quienes-somos\/#primaryimage"},"thumbnailUrl":"https:\/\/www.ludilau.com.ar\/web\/wp-content\/uploads\/2011\/01\/sala-verde-ordenada.jpg","datePublished":"2011-01-20T23:23:29+00:00","dateModified":"2024-02-16T22:37:44+00:00","breadcrumb":{"@id":"https:\/\/www.ludilau.com.ar\/web\/quienes-somos\/#breadcrumb"},"inLanguage":"es","potentialAction":[{"@type":"ReadAction","target":["https:\/\/www.ludilau.com.ar\/web\/quienes-somos\/"]}]},{"@type":"ImageObject","inLanguage":"es","@id":"https:\/\/www.ludilau.com.ar\/web\/quienes-somos\/#primaryimage","url":"https:\/\/www.ludilau.com.ar\/web\/wp-content\/uploads\/2011\/01\/sala-verde-ordenada.jpg","contentUrl":"https:\/\/www.ludilau.com.ar\/web\/wp-content\/uploads\/2011\/01\/sala-verde-ordenada.jpg","width":600,"height":330,"caption":"Espacio Ludilau - Sala verde"},{"@type":"BreadcrumbList","@id":"https:\/\/www.ludilau.com.ar\/web\/quienes-somos\/#breadcrumb","itemListElement":[{"@type":"ListItem","position":1,"name":"Portada","item":"https:\/\/www.ludilau.com.ar\/web\/"},{"@type":"ListItem","position":2,"name":"Qui\u00e9nes somos"}]},{"@type":"WebSite","@id":"https:\/\/www.ludilau.com.ar\/web\/#website","url":"https:\/\/www.ludilau.com.ar\/web\/","name":"Espacio Ludilau","description":"Acompa\u00f1amos a las Familias desde el juego, la m\u00fasica, el masaje, la crianza, el movimiento y la socializaci\u00f3n durante los primeros a\u00f1os de la mapaternidad.","potentialAction":[{"@type":"SearchAction","target":{"@type":"EntryPoint","urlTemplate":"https:\/\/www.ludilau.com.ar\/web\/?s={search_term_string}"},"query-input":{"@type":"PropertyValueSpecification","valueRequired":true,"valueName":"search_term_string"}}],"inLanguage":"es"}]}},"_links":{"self":[{"href":"https:\/\/www.ludilau.com.ar\/web\/wp-json\/wp\/v2\/pages\/103","targetHints":{"allow":["GET"]}}],"collection":[{"href":"https:\/\/www.ludilau.com.ar\/web\/wp-json\/wp\/v2\/pages"}],"about":[{"href":"https:\/\/www.ludilau.com.ar\/web\/wp-json\/wp\/v2\/types\/page"}],"author":[{"embeddable":true,"href":"https:\/\/www.ludilau.com.ar\/web\/wp-json\/wp\/v2\/users\/1"}],"replies":[{"embeddable":true,"href":"https:\/\/www.ludilau.com.ar\/web\/wp-json\/wp\/v2\/comments?post=103"}],"version-history":[{"count":13,"href":"https:\/\/www.ludilau.com.ar\/web\/wp-json\/wp\/v2\/pages\/103\/revisions"}],"predecessor-version":[{"id":16052,"href":"https:\/\/www.ludilau.com.ar\/web\/wp-json\/wp\/v2\/pages\/103\/revisions\/16052"}],"wp:featuredmedia":[{"embeddable":true,"href":"https:\/\/www.ludilau.com.ar\/web\/wp-json\/wp\/v2\/media\/4684"}],"wp:attachment":[{"href":"https:\/\/www.ludilau.com.ar\/web\/wp-json\/wp\/v2\/media?parent=103"}],"curies":[{"name":"wp","href":"https:\/\/api.w.org\/{rel}","templated":true}]}}