{"id":11281,"date":"2020-04-11T12:28:43","date_gmt":"2020-04-11T15:28:43","guid":{"rendered":"https:\/\/www.ludilau.com.ar\/web\/?page_id=11281"},"modified":"2026-03-13T12:17:54","modified_gmt":"2026-03-13T15:17:54","slug":"taller-masaje-para-bebes-juegos-canciones","status":"publish","type":"page","link":"https:\/\/www.ludilau.com.ar\/web\/taller-masaje-para-bebes-juegos-canciones\/","title":{"rendered":"Taller de Masaje para Beb\u00e9s, Juegos y Canciones"},"content":{"rendered":"\n<p><strong>Bienvenidas al Taller de Masajes para Beb\u00e9s, Juegos y Canciones!<\/strong> Un espacio c\u00e1lido para disfrutar con tu beb\u00e9 y compartir con otras familias.<\/p>\n\n\n\n<figure class=\"wp-block-image\"><img decoding=\"async\" src=\"https:\/\/ci5.googleusercontent.com\/proxy\/Ud2hQ5Njuuij0QxcGF3vjlw9o4HYOKWL9teU_2BdVoOUA91Bh_QwDgIWkgQ3hB243IrBL0ewAjQJcXtVtuZhy8DsaNS43oa3Htn6vMgePJVJckebxdcei14H8sCqXnhfjZBHmcvqt3xYaBI=s0-d-e1-ft#https:\/\/www.ludilau.com.ar\/web\/wp-content\/uploads\/2019\/08\/mail-masaje-pie-1-1024x447.png\" alt=\"\"\/><\/figure>\n\n\n\n<p><strong>\u00bfQu\u00e9 es el Masaje para Beb\u00e9s?<br><\/strong>Una t\u00e9cnica de antigua tradici\u00f3n que permite a lxs madres\/padres comunicarse f\u00edsica y emocionalmente con sus beb\u00e9s. Es una herramienta simple, s\u00f3lida y placentera que aprovecha la natural tendencia de acariciar y mimar a lxs beb\u00e9s para ayudarlxs en la relajaci\u00f3n, la conciliaci\u00f3n del sue\u00f1o y en el alivio de diferentes dolencias (c\u00f3licos, gases, estre\u00f1imiento). Es un momento especial e \u00edntimo en la construcci\u00f3n del v\u00ednculo con tu beb\u00e9.<\/p>\n\n\n\n<p>&nbsp;<\/p>\n\n\n\n<figure class=\"wp-block-image is-resized\"><a href=\"https:\/\/docs.google.com\/forms\/d\/e\/1FAIpQLSdbdtBUCjCVtfQFPQfkrifoP7-pzwbUHyX7FXvNwbKtOhtN4A\/viewform\" target=\"_blank\" rel=\"noreferrer noopener\"><img loading=\"lazy\" decoding=\"async\" width=\"500\" height=\"102\" src=\"https:\/\/www.ludilau.com.ar\/web\/wp-content\/uploads\/2019\/09\/masaje-boton-inscribite.png\" alt=\"\" class=\"wp-image-10247\" style=\"width:176px;height:36px\" srcset=\"https:\/\/www.ludilau.com.ar\/web\/wp-content\/uploads\/2019\/09\/masaje-boton-inscribite.png 500w, https:\/\/www.ludilau.com.ar\/web\/wp-content\/uploads\/2019\/09\/masaje-boton-inscribite-300x61.png 300w\" sizes=\"auto, (max-width: 500px) 100vw, 500px\" \/><\/a><\/figure>\n\n\n\n<p><strong>\u00bfEn qu\u00e9 consiste el taller?<\/strong><\/p>\n\n\n\n<p>\ud83d\udd53 Cuatro encuentros (uno por semana) de una hora y media\/dos en donde aprendemos la T\u00e9cnica del Masaje Infantil junto con canciones, juegos sonoros, cuentos y rimas para disfrutar con tu beb\u00e9. Surgen diferentes temas en relaci\u00f3n a la crianza y el desarrollo que conversamos compartiendo info y experiencias. Es un espacio de socializaci\u00f3n y red!<\/p>\n\n\n\n<p><strong>\u00bfQu\u00e9 incluye?<\/strong><\/p>\n\n\n\n<p>\ud83d\uddd2 Material Escrito acerca del origen, beneficios y aplicaciones del Masaje infantil + la t\u00e9cnica + una gu\u00eda de im\u00e1genes de los movimientos.<\/p>\n\n\n\n<p>\ud83d\udcf1 Audios y videos de las rimas, canciones y movimientos del masaje.<\/p>\n\n\n\n<p>Los grupos son reducidos para poder acompa\u00f1ar a las familias durante la experiencia.<\/p>\n\n\n\n<p>\ud83d\udcde\ud83d\udccbAdem\u00e1s de los encuentros, armamos un grupo de WhatsApp para poder compartir audios, videos, experiencias y textos relacionados con el taller que nos resultan nutritivos para esta etapa de la ma\/paternidad.&nbsp;&nbsp;&nbsp;<br><\/p>\n\n\n\n<figure class=\"wp-block-image\"><img decoding=\"async\" src=\"https:\/\/ci4.googleusercontent.com\/proxy\/ACMzLMhLOk_4eocwiDxFyWCmQNWZ3kKEwOQStqIvbGaym7_YX-yAVza2-QvOgRvcmHHzOv1ESgmx1CgOlPv4iQhzlxqJrGAfVW7oiQb7Pdred9Jlm9-QBwzhsM3mDzjnaeSpLr80DWwcag=s0-d-e1-ft#https:\/\/www.ludilau.com.ar\/web\/wp-content\/uploads\/2019\/08\/masaje-diptico-6-1024x354.png\" alt=\"\"\/><\/figure>\n\n\n\n<p><strong>\u00bfA qui\u00e9n est\u00e1 dirigido?<br><\/strong>Recomendamos realizar el taller a partir del mes del beb\u00e9 y hasta los 10\/11 meses. Luego, se practica durante toda la vida, agregando juegos, historias, narraciones sobre el cuerpo\u2026 El masaje va cambiando a lo largo de los a\u00f1os acorde al desarrollo de tu hijx.<\/p>\n\n\n\n<p><strong>\u00a1Importante!<br><\/strong>No te preocupes porque tu beb\u00e9 est\u00e9 despiertx, comidx o lo que fuere durante los encuentros. Lo m\u00e1s importante es respetar los tiempos de lxs beb\u00e9s. No lx despiertes, no adelantes una teta ni una mamadera. Nosotrxs nos adaptamos a ellxs. Hay tiempo durante el taller para hacer TODO!<\/p>\n\n\n\n<p>Si durante alg\u00fan encuentro tu beb\u00e9 no est\u00e1 disponible para el masaje, pod\u00e9s disfrutar de observar, escuchar, practicar con un mu\u00f1eco, un bebote de pl\u00e1stico o algo que te permita recordar los movimientos, luego tendr\u00e1s toda una semana para ir poni\u00e9ndolo en pr\u00e1ctica hasta el siguiente encuentro.<\/p>\n\n\n\n<figure class=\"wp-block-image is-resized\"><a href=\"https:\/\/docs.google.com\/forms\/d\/e\/1FAIpQLSdbdtBUCjCVtfQFPQfkrifoP7-pzwbUHyX7FXvNwbKtOhtN4A\/viewform\" target=\"_blank\" rel=\"noreferrer noopener\"><img loading=\"lazy\" decoding=\"async\" width=\"500\" height=\"102\" src=\"https:\/\/www.ludilau.com.ar\/web\/wp-content\/uploads\/2019\/09\/masaje-boton-inscribite.png\" alt=\"\" class=\"wp-image-10247\" style=\"width:176px;height:36px\" srcset=\"https:\/\/www.ludilau.com.ar\/web\/wp-content\/uploads\/2019\/09\/masaje-boton-inscribite.png 500w, https:\/\/www.ludilau.com.ar\/web\/wp-content\/uploads\/2019\/09\/masaje-boton-inscribite-300x61.png 300w\" sizes=\"auto, (max-width: 500px) 100vw, 500px\" \/><\/a><\/figure>\n\n\n\n<figure class=\"wp-block-image\"><img decoding=\"async\" src=\"https:\/\/ci6.googleusercontent.com\/proxy\/wV71aJD-YxjMwdEOYsYRzGbS7Lo3xtu1C6ZzJ-SFyvH0mQftrxDg63lIY6cJXkR0G0RJYmFchkX9teXafHCC1GauZFinpwEixsg_lqyX9dIAQotMAO9mDw1drWwYTPj3CSZADo5eRi60uA=s0-d-e1-ft#https:\/\/www.ludilau.com.ar\/web\/wp-content\/uploads\/2019\/08\/masaje-diptico-4-1024x348.png\" alt=\"\"\/><\/figure>\n\n\n\n<figure class=\"wp-block-image is-resized\"><a href=\"https:\/\/docs.google.com\/forms\/d\/e\/1FAIpQLSdbdtBUCjCVtfQFPQfkrifoP7-pzwbUHyX7FXvNwbKtOhtN4A\/viewform\" target=\"_blank\" rel=\"noreferrer noopener\"><img loading=\"lazy\" decoding=\"async\" width=\"500\" height=\"102\" src=\"https:\/\/www.ludilau.com.ar\/web\/wp-content\/uploads\/2019\/09\/masaje-boton-inscribite.png\" alt=\"\" class=\"wp-image-10247\" style=\"width:176px;height:36px\" srcset=\"https:\/\/www.ludilau.com.ar\/web\/wp-content\/uploads\/2019\/09\/masaje-boton-inscribite.png 500w, https:\/\/www.ludilau.com.ar\/web\/wp-content\/uploads\/2019\/09\/masaje-boton-inscribite-300x61.png 300w\" sizes=\"auto, (max-width: 500px) 100vw, 500px\" \/><\/a><\/figure>\n\n\n\n<blockquote class=\"wp-block-quote is-layout-flow wp-block-quote-is-layout-flow\">\n<p><\/p>\n<\/blockquote>\n\n\n\n<figure class=\"wp-block-image\"><img decoding=\"async\" src=\"https:\/\/ci3.googleusercontent.com\/proxy\/_12ty2fFBhPchx50KRLRMU8gKJ6WKzdvOFZ3ujyi_vQlN6MToypiBHKtNH6TK5cJjM3jZJTUNlPBcHuQdpMaBozjeR9-EL2yvAeFCDMtTtaGGGW9AWQDtHhds7t1ALUQq1UDP3F40-x-mw=s0-d-e1-ft#https:\/\/www.ludilau.com.ar\/web\/wp-content\/uploads\/2019\/08\/masaje-diptico-9-1024x422.png\" alt=\"\"\/><\/figure>\n\n\n\n<h3 class=\"wp-block-heading\"><strong>&nbsp;<\/strong>Beneficios del masaje infantil. Favorece:<\/h3>\n\n\n\n<ul class=\"wp-block-list\">\n<li>La disminuci\u00f3n de los dolores causados por c\u00f3licos, gases y estre\u00f1imiento<\/li>\n\n\n\n<li>La relajaci\u00f3n y conciliaci\u00f3n del sue\u00f1o<\/li>\n\n\n\n<li>La disminuci\u00f3n de conductas de irritabilidad y llanto<\/li>\n\n\n\n<li>El aumento de peso al mejorar la digesti\u00f3n y absorci\u00f3n de alimentos<\/li>\n\n\n\n<li>La relajaci\u00f3n y la tonificaci\u00f3n de la musculatura<\/li>\n\n\n\n<li>La liberaci\u00f3n de tensiones tanto f\u00edsicas como emocionales<\/li>\n\n\n\n<li>La maduraci\u00f3n de los sistemas del organismo que el beb\u00e9 tiene a\u00fan inmaduros (Sist. Digestivo, Circulatorio, Respiratorio\u2026)<\/li>\n\n\n\n<li>La toma de conciencia de su propio cuerpo<\/li>\n\n\n\n<li>La comunicaci\u00f3n y el v\u00ednculo<\/li>\n\n\n\n<li>Un acercamiento mayor de madres\/padres al sentirse tambi\u00e9n protagonista de este v\u00ednculo<\/li>\n\n\n\n<li>El desarrollo biopsicosocial del ni\u00f1x al promover seguridad y confianza en etapas tempranas de la mapaternidad<\/li>\n<\/ul>\n\n\n\n<p><strong>&nbsp;Album de fotos del taller:&nbsp;<\/strong><a rel=\"noreferrer noopener\" href=\"https:\/\/bit.ly\/2yTuVWC\" target=\"_blank\">https:\/\/bit.ly\/2yTuVWC<\/a><\/p>\n\n\n\n<p><strong>&nbsp;Qui\u00e9nes somos:&nbsp;<\/strong><a href=\"https:\/\/bit.ly\/2z1rvkx\" rel=\"noreferrer noopener\" target=\"_blank\">https:\/\/bit.ly\/2z1rvkx<\/a><\/p>\n\n\n\n<figure class=\"wp-block-image\"><img decoding=\"async\" src=\"https:\/\/ci3.googleusercontent.com\/proxy\/i6DGpzX27VhFepFpi5LjgORwatB0Z9UXuCi8dTZFfxpzY9NXINzL2ab8K7cwr9XTr9c_3Zfh8-RahKD54k6Iy4viZftgLoYcmvPTFF6nIYo5fYGrp9sTzl_TcVOlyjdzH4hpyYe64lMY3-AL=s0-d-e1-ft#https:\/\/www.ludilau.com.ar\/web\/wp-content\/uploads\/2019\/08\/mail-masaje-mirada-1024x334.png\" alt=\"\"\/><\/figure>\n\n\n\n<blockquote class=\"wp-block-quote is-layout-flow wp-block-quote-is-layout-flow\">\n<p><strong>No tenemos memoria consciente de los primeros meses de vida, pero las experiencias sensoriales que tienen lugar en este per\u00edodo tienen efecto a largo plazo&#8230;<\/strong><br><\/p>\n<\/blockquote>\n\n\n\n<figure class=\"wp-block-image\"><img loading=\"lazy\" decoding=\"async\" width=\"1024\" height=\"380\" src=\"https:\/\/www.ludilau.com.ar\/web\/wp-content\/uploads\/2020\/04\/online-masaje-3-1024x380.png\" alt=\"\" class=\"wp-image-11272\" srcset=\"https:\/\/www.ludilau.com.ar\/web\/wp-content\/uploads\/2020\/04\/online-masaje-3-1024x380.png 1024w, https:\/\/www.ludilau.com.ar\/web\/wp-content\/uploads\/2020\/04\/online-masaje-3-300x111.png 300w, https:\/\/www.ludilau.com.ar\/web\/wp-content\/uploads\/2020\/04\/online-masaje-3-768x285.png 768w, https:\/\/www.ludilau.com.ar\/web\/wp-content\/uploads\/2020\/04\/online-masaje-3.png 1708w\" sizes=\"auto, (max-width: 1024px) 100vw, 1024px\" \/><\/figure>\n\n\n\n<figure class=\"wp-block-image is-resized\"><a href=\"https:\/\/docs.google.com\/forms\/d\/e\/1FAIpQLSdbdtBUCjCVtfQFPQfkrifoP7-pzwbUHyX7FXvNwbKtOhtN4A\/viewform\" target=\"_blank\" rel=\"noreferrer noopener\"><img loading=\"lazy\" decoding=\"async\" width=\"500\" height=\"102\" src=\"https:\/\/www.ludilau.com.ar\/web\/wp-content\/uploads\/2019\/09\/masaje-boton-inscribite.png\" alt=\"\" class=\"wp-image-10247\" style=\"width:176px;height:36px\" srcset=\"https:\/\/www.ludilau.com.ar\/web\/wp-content\/uploads\/2019\/09\/masaje-boton-inscribite.png 500w, https:\/\/www.ludilau.com.ar\/web\/wp-content\/uploads\/2019\/09\/masaje-boton-inscribite-300x61.png 300w\" sizes=\"auto, (max-width: 500px) 100vw, 500px\" \/><\/a><\/figure>\n\n\n\n<p><strong>Fechas del pr\u00f3ximo taller en Vicente L\u00f3pez&nbsp;\ud83d\uddd2<\/strong><\/p>\n\n\n\n<p><strong>Pr\u00f3ximo inicio<\/strong><br>\ud83d\udcc6 Lunes 6 de abril<br>Contin\u00faa 13, 20 y 27 de abril<br>\ud83d\udd66 14:00 a 16:00 hs &#8211; <a href=\"https:\/\/docs.google.com\/forms\/d\/e\/1FAIpQLSdbdtBUCjCVtfQFPQfkrifoP7-pzwbUHyX7FXvNwbKtOhtN4A\/viewform\" target=\"_blank\" rel=\"noreferrer noopener\">\u00a1Inscribite aqu\u00ed!<\/a><br><br>\u00bfPara quienes? Familias con bebes del mes hasta la edad de gateo.<\/p>\n\n\n\n<p><strong>\u00bfC\u00f3mo reservo mi vacante?<\/strong><\/p>\n\n\n\n<p>1) Complet\u00e1 el <a href=\"https:\/\/docs.google.com\/forms\/d\/e\/1FAIpQLSdbdtBUCjCVtfQFPQfkrifoP7-pzwbUHyX7FXvNwbKtOhtN4A\/viewform\" target=\"_blank\" rel=\"noreferrer noopener\">formulario<\/a> con tus datos personales, all\u00ed encontrar\u00e1s el valor del taller.<br>2) Realiz\u00e1 el pago total o del 50% para confirmar tu lugar (el saldo se abona el primer d\u00eda de actividad)<br>3) Mand\u00e1 el comprobante de pago a este Whatsapp (Laura)<br>4) Te responderemos con un mail de bienvenida recordando todos los detalles para el inicio.<\/p>\n\n\n\n<p><strong>Datos bancarios para realizar la transferencia<\/strong><br>Alias: ludilau.mp<\/p>\n\n\n\n<p>\u2733\ufe0f Cualquier inquietud no dudes en consultarme escribi\u00e9ndo por <a href=\"https:\/\/api.whatsapp.com\/send?phone=541154055863&amp;text=Hola%20escribo%20desde%20el%20sitio%20web%20\">Whatsapp<\/a>.<\/p>\n\n\n\n<p>Para participar del taller es necesaria la inscripci\u00f3n previa, de esta manera podremos enviarles anticipadamente informaci\u00f3n sobre el Masaje y qu\u00e9 traer. Esto permite una mejor din\u00e1mica y disfrute de los encuentros.<\/p>\n\n\n\n<p>Abrazo<br>Lau \ud83d\udc9c<\/p>\n","protected":false},"excerpt":{"rendered":"<p>Bienvenidas al Taller de Masajes para Beb\u00e9s, Juegos y Canciones! Un espacio c\u00e1lido para disfrutar con tu beb\u00e9 y compartir con otras familias. \u00bfQu\u00e9 es el Masaje para Beb\u00e9s?Una t\u00e9cnica de antigua tradici\u00f3n que permite a lxs madres\/padres comunicarse f\u00edsica<\/p>\n","protected":false},"author":1,"featured_media":10105,"parent":0,"menu_order":0,"comment_status":"closed","ping_status":"closed","template":"","meta":{"_joinchat":[],"footnotes":""},"class_list":["post-11281","page","type-page","status-publish","has-post-thumbnail","hentry"],"yoast_head":"<!-- This site is optimized with the Yoast SEO plugin v27.1.1 - https:\/\/yoast.com\/product\/yoast-seo-wordpress\/ -->\n<title>Taller de Masaje para Beb\u00e9s en zona norte - Beb\u00e9s 1 a 8 meses<\/title>\n<meta name=\"description\" content=\"El Masaje para Beb\u00e9s alivia c\u00f3licos, favorece la relajaci\u00f3n y el sue\u00f1o. Un espacio c\u00e1lido para disfrutar junto a tu beb\u00e9 y otras familias.\" \/>\n<meta name=\"robots\" content=\"index, follow, max-snippet:-1, max-image-preview:large, max-video-preview:-1\" \/>\n<link rel=\"canonical\" href=\"https:\/\/www.ludilau.com.ar\/web\/taller-masaje-para-bebes-juegos-canciones\/\" \/>\n<meta property=\"og:locale\" content=\"es_ES\" \/>\n<meta property=\"og:type\" content=\"article\" \/>\n<meta property=\"og:title\" content=\"Taller de Masaje para Beb\u00e9s en zona norte - Beb\u00e9s 1 a 8 meses\" \/>\n<meta property=\"og:description\" content=\"El Masaje para Beb\u00e9s alivia c\u00f3licos, favorece la relajaci\u00f3n y el sue\u00f1o. Un espacio c\u00e1lido para disfrutar junto a tu beb\u00e9 y otras familias.\" \/>\n<meta property=\"og:url\" content=\"https:\/\/www.ludilau.com.ar\/web\/taller-masaje-para-bebes-juegos-canciones\/\" \/>\n<meta property=\"og:site_name\" content=\"Espacio Ludilau\" \/>\n<meta property=\"article:publisher\" content=\"https:\/\/www.facebook.com\/Ludilau\" \/>\n<meta property=\"article:modified_time\" content=\"2026-03-13T15:17:54+00:00\" \/>\n<meta property=\"og:image\" content=\"https:\/\/www.ludilau.com.ar\/web\/wp-content\/uploads\/2019\/08\/masaje-diada-e1565644354882.jpg\" \/>\n\t<meta property=\"og:image:width\" content=\"900\" \/>\n\t<meta property=\"og:image:height\" content=\"506\" \/>\n\t<meta property=\"og:image:type\" content=\"image\/jpeg\" \/>\n<meta name=\"twitter:card\" content=\"summary_large_image\" \/>\n<meta name=\"twitter:site\" content=\"@espacioludilau\" \/>\n<meta name=\"twitter:label1\" content=\"Tiempo de lectura\" \/>\n\t<meta name=\"twitter:data1\" content=\"6 minutos\" \/>\n<script type=\"application\/ld+json\" class=\"yoast-schema-graph\">{\"@context\":\"https:\/\/schema.org\",\"@graph\":[{\"@type\":\"WebPage\",\"@id\":\"https:\/\/www.ludilau.com.ar\/web\/taller-masaje-para-bebes-juegos-canciones\/\",\"url\":\"https:\/\/www.ludilau.com.ar\/web\/taller-masaje-para-bebes-juegos-canciones\/\",\"name\":\"Taller de Masaje para Beb\u00e9s en zona norte - Beb\u00e9s 1 a 8 meses\",\"isPartOf\":{\"@id\":\"https:\/\/www.ludilau.com.ar\/web\/#website\"},\"primaryImageOfPage\":{\"@id\":\"https:\/\/www.ludilau.com.ar\/web\/taller-masaje-para-bebes-juegos-canciones\/#primaryimage\"},\"image\":{\"@id\":\"https:\/\/www.ludilau.com.ar\/web\/taller-masaje-para-bebes-juegos-canciones\/#primaryimage\"},\"thumbnailUrl\":\"https:\/\/www.ludilau.com.ar\/web\/wp-content\/uploads\/2019\/08\/masaje-diada-e1565644354882.jpg\",\"datePublished\":\"2020-04-11T15:28:43+00:00\",\"dateModified\":\"2026-03-13T15:17:54+00:00\",\"description\":\"El Masaje para Beb\u00e9s alivia c\u00f3licos, favorece la relajaci\u00f3n y el sue\u00f1o. Un espacio c\u00e1lido para disfrutar junto a tu beb\u00e9 y otras familias.\",\"breadcrumb\":{\"@id\":\"https:\/\/www.ludilau.com.ar\/web\/taller-masaje-para-bebes-juegos-canciones\/#breadcrumb\"},\"inLanguage\":\"es\",\"potentialAction\":[{\"@type\":\"ReadAction\",\"target\":[\"https:\/\/www.ludilau.com.ar\/web\/taller-masaje-para-bebes-juegos-canciones\/\"]}]},{\"@type\":\"ImageObject\",\"inLanguage\":\"es\",\"@id\":\"https:\/\/www.ludilau.com.ar\/web\/taller-masaje-para-bebes-juegos-canciones\/#primaryimage\",\"url\":\"https:\/\/www.ludilau.com.ar\/web\/wp-content\/uploads\/2019\/08\/masaje-diada-e1565644354882.jpg\",\"contentUrl\":\"https:\/\/www.ludilau.com.ar\/web\/wp-content\/uploads\/2019\/08\/masaje-diada-e1565644354882.jpg\",\"width\":900,\"height\":506,\"caption\":\"Taller de Masaje para beb\u00e9s online Espacio Ludilau\"},{\"@type\":\"BreadcrumbList\",\"@id\":\"https:\/\/www.ludilau.com.ar\/web\/taller-masaje-para-bebes-juegos-canciones\/#breadcrumb\",\"itemListElement\":[{\"@type\":\"ListItem\",\"position\":1,\"name\":\"Portada\",\"item\":\"https:\/\/www.ludilau.com.ar\/web\/\"},{\"@type\":\"ListItem\",\"position\":2,\"name\":\"Taller de Masaje para Beb\u00e9s, Juegos y Canciones\"}]},{\"@type\":\"WebSite\",\"@id\":\"https:\/\/www.ludilau.com.ar\/web\/#website\",\"url\":\"https:\/\/www.ludilau.com.ar\/web\/\",\"name\":\"Espacio Ludilau\",\"description\":\"Acompa\u00f1amos a las Familias desde el juego, la m\u00fasica, el masaje, la crianza, el movimiento y la socializaci\u00f3n durante los primeros a\u00f1os de la mapaternidad.\",\"potentialAction\":[{\"@type\":\"SearchAction\",\"target\":{\"@type\":\"EntryPoint\",\"urlTemplate\":\"https:\/\/www.ludilau.com.ar\/web\/?s={search_term_string}\"},\"query-input\":{\"@type\":\"PropertyValueSpecification\",\"valueRequired\":true,\"valueName\":\"search_term_string\"}}],\"inLanguage\":\"es\"}]}<\/script>\n<!-- \/ Yoast SEO plugin. -->","yoast_head_json":{"title":"Taller de Masaje para Beb\u00e9s en zona norte - Beb\u00e9s 1 a 8 meses","description":"El Masaje para Beb\u00e9s alivia c\u00f3licos, favorece la relajaci\u00f3n y el sue\u00f1o. Un espacio c\u00e1lido para disfrutar junto a tu beb\u00e9 y otras familias.","robots":{"index":"index","follow":"follow","max-snippet":"max-snippet:-1","max-image-preview":"max-image-preview:large","max-video-preview":"max-video-preview:-1"},"canonical":"https:\/\/www.ludilau.com.ar\/web\/taller-masaje-para-bebes-juegos-canciones\/","og_locale":"es_ES","og_type":"article","og_title":"Taller de Masaje para Beb\u00e9s en zona norte - Beb\u00e9s 1 a 8 meses","og_description":"El Masaje para Beb\u00e9s alivia c\u00f3licos, favorece la relajaci\u00f3n y el sue\u00f1o. Un espacio c\u00e1lido para disfrutar junto a tu beb\u00e9 y otras familias.","og_url":"https:\/\/www.ludilau.com.ar\/web\/taller-masaje-para-bebes-juegos-canciones\/","og_site_name":"Espacio Ludilau","article_publisher":"https:\/\/www.facebook.com\/Ludilau","article_modified_time":"2026-03-13T15:17:54+00:00","og_image":[{"width":900,"height":506,"url":"https:\/\/www.ludilau.com.ar\/web\/wp-content\/uploads\/2019\/08\/masaje-diada-e1565644354882.jpg","type":"image\/jpeg"}],"twitter_card":"summary_large_image","twitter_site":"@espacioludilau","twitter_misc":{"Tiempo de lectura":"6 minutos"},"schema":{"@context":"https:\/\/schema.org","@graph":[{"@type":"WebPage","@id":"https:\/\/www.ludilau.com.ar\/web\/taller-masaje-para-bebes-juegos-canciones\/","url":"https:\/\/www.ludilau.com.ar\/web\/taller-masaje-para-bebes-juegos-canciones\/","name":"Taller de Masaje para Beb\u00e9s en zona norte - Beb\u00e9s 1 a 8 meses","isPartOf":{"@id":"https:\/\/www.ludilau.com.ar\/web\/#website"},"primaryImageOfPage":{"@id":"https:\/\/www.ludilau.com.ar\/web\/taller-masaje-para-bebes-juegos-canciones\/#primaryimage"},"image":{"@id":"https:\/\/www.ludilau.com.ar\/web\/taller-masaje-para-bebes-juegos-canciones\/#primaryimage"},"thumbnailUrl":"https:\/\/www.ludilau.com.ar\/web\/wp-content\/uploads\/2019\/08\/masaje-diada-e1565644354882.jpg","datePublished":"2020-04-11T15:28:43+00:00","dateModified":"2026-03-13T15:17:54+00:00","description":"El Masaje para Beb\u00e9s alivia c\u00f3licos, favorece la relajaci\u00f3n y el sue\u00f1o. Un espacio c\u00e1lido para disfrutar junto a tu beb\u00e9 y otras familias.","breadcrumb":{"@id":"https:\/\/www.ludilau.com.ar\/web\/taller-masaje-para-bebes-juegos-canciones\/#breadcrumb"},"inLanguage":"es","potentialAction":[{"@type":"ReadAction","target":["https:\/\/www.ludilau.com.ar\/web\/taller-masaje-para-bebes-juegos-canciones\/"]}]},{"@type":"ImageObject","inLanguage":"es","@id":"https:\/\/www.ludilau.com.ar\/web\/taller-masaje-para-bebes-juegos-canciones\/#primaryimage","url":"https:\/\/www.ludilau.com.ar\/web\/wp-content\/uploads\/2019\/08\/masaje-diada-e1565644354882.jpg","contentUrl":"https:\/\/www.ludilau.com.ar\/web\/wp-content\/uploads\/2019\/08\/masaje-diada-e1565644354882.jpg","width":900,"height":506,"caption":"Taller de Masaje para beb\u00e9s online Espacio Ludilau"},{"@type":"BreadcrumbList","@id":"https:\/\/www.ludilau.com.ar\/web\/taller-masaje-para-bebes-juegos-canciones\/#breadcrumb","itemListElement":[{"@type":"ListItem","position":1,"name":"Portada","item":"https:\/\/www.ludilau.com.ar\/web\/"},{"@type":"ListItem","position":2,"name":"Taller de Masaje para Beb\u00e9s, Juegos y Canciones"}]},{"@type":"WebSite","@id":"https:\/\/www.ludilau.com.ar\/web\/#website","url":"https:\/\/www.ludilau.com.ar\/web\/","name":"Espacio Ludilau","description":"Acompa\u00f1amos a las Familias desde el juego, la m\u00fasica, el masaje, la crianza, el movimiento y la socializaci\u00f3n durante los primeros a\u00f1os de la mapaternidad.","potentialAction":[{"@type":"SearchAction","target":{"@type":"EntryPoint","urlTemplate":"https:\/\/www.ludilau.com.ar\/web\/?s={search_term_string}"},"query-input":{"@type":"PropertyValueSpecification","valueRequired":true,"valueName":"search_term_string"}}],"inLanguage":"es"}]}},"_links":{"self":[{"href":"https:\/\/www.ludilau.com.ar\/web\/wp-json\/wp\/v2\/pages\/11281","targetHints":{"allow":["GET"]}}],"collection":[{"href":"https:\/\/www.ludilau.com.ar\/web\/wp-json\/wp\/v2\/pages"}],"about":[{"href":"https:\/\/www.ludilau.com.ar\/web\/wp-json\/wp\/v2\/types\/page"}],"author":[{"embeddable":true,"href":"https:\/\/www.ludilau.com.ar\/web\/wp-json\/wp\/v2\/users\/1"}],"replies":[{"embeddable":true,"href":"https:\/\/www.ludilau.com.ar\/web\/wp-json\/wp\/v2\/comments?post=11281"}],"version-history":[{"count":96,"href":"https:\/\/www.ludilau.com.ar\/web\/wp-json\/wp\/v2\/pages\/11281\/revisions"}],"predecessor-version":[{"id":16486,"href":"https:\/\/www.ludilau.com.ar\/web\/wp-json\/wp\/v2\/pages\/11281\/revisions\/16486"}],"wp:featuredmedia":[{"embeddable":true,"href":"https:\/\/www.ludilau.com.ar\/web\/wp-json\/wp\/v2\/media\/10105"}],"wp:attachment":[{"href":"https:\/\/www.ludilau.com.ar\/web\/wp-json\/wp\/v2\/media?parent=11281"}],"curies":[{"name":"wp","href":"https:\/\/api.w.org\/{rel}","templated":true}]}}