{"id":11310,"date":"2020-04-13T00:26:10","date_gmt":"2020-04-13T03:26:10","guid":{"rendered":"https:\/\/www.ludilau.com.ar\/web\/?page_id=11310"},"modified":"2021-02-18T21:58:11","modified_gmt":"2021-02-19T00:58:11","slug":"grupos-de-juego-online","status":"publish","type":"page","link":"https:\/\/www.ludilau.com.ar\/web\/grupos-de-juego-online\/","title":{"rendered":"Online | Grupos de Juego y M\u00fasica"},"content":{"rendered":"\n<p>Un espacio c\u00e1lido para disfrutar desde tu casa, con tu beb\u00e9 y compartir con otras familias.<\/p>\n\n\n\n<figure class=\"wp-block-image size-large\"><img loading=\"lazy\" decoding=\"async\" width=\"1024\" height=\"320\" src=\"https:\/\/www.ludilau.com.ar\/web\/wp-content\/uploads\/2020\/04\/GJ-online-1-1024x320.png\" alt=\"\" class=\"wp-image-11313\" srcset=\"https:\/\/www.ludilau.com.ar\/web\/wp-content\/uploads\/2020\/04\/GJ-online-1-1024x320.png 1024w, https:\/\/www.ludilau.com.ar\/web\/wp-content\/uploads\/2020\/04\/GJ-online-1-300x94.png 300w, https:\/\/www.ludilau.com.ar\/web\/wp-content\/uploads\/2020\/04\/GJ-online-1-768x240.png 768w, https:\/\/www.ludilau.com.ar\/web\/wp-content\/uploads\/2020\/04\/GJ-online-1-1536x480.png 1536w, https:\/\/www.ludilau.com.ar\/web\/wp-content\/uploads\/2020\/04\/GJ-online-1.png 1684w\" sizes=\"auto, (max-width: 1024px) 100vw, 1024px\" \/><\/figure>\n\n\n\n<p>A trav\u00e9s del juego y la m\u00fasica se&nbsp;<strong>disfruta de la literatura<\/strong><strong>,&nbsp;<\/strong>de la&nbsp;<strong>estimulaci\u00f3n de los sentidos<\/strong>, se favorece el&nbsp;<strong>aprendizaje<\/strong>&nbsp;y la&nbsp;<strong>exploraci\u00f3n<\/strong>, se invita a la&nbsp;<strong>imaginaci\u00f3n<\/strong>, a la<strong>&nbsp;creatividad.<\/strong><\/p>\n\n\n\n<p>Corren tiempos de estar puertas adentro, de poca socializaci\u00f3n. Por eso nos pare importante mantener un canal activo con propuestas para compartir, interactuar y aprender una hora por semana a trav\u00e9s de la pantalla.&nbsp;<\/p>\n\n\n\n<p><strong>Horarios de Grupos de Juego x Zoom<\/strong><br>Martes de 16:00 a 17:00 hs.<br>Jueves de 16:00 &nbsp;a 17:00 hs.<\/p>\n\n\n\n<p>Adem\u00e1s de los encuentros online, armamos un grupo de WhatsApp para poder compartir <strong>audios, videos<\/strong>, experiencias e <strong>info<\/strong> relacionados con el taller y con esta etapa de la ma\/paternidad.<\/p>\n\n\n\n<figure class=\"wp-block-image size-large\"><img loading=\"lazy\" decoding=\"async\" width=\"1024\" height=\"447\" src=\"https:\/\/www.ludilau.com.ar\/web\/wp-content\/uploads\/2020\/04\/GJ-online-2-1024x447.png\" alt=\"\" class=\"wp-image-11314\" srcset=\"https:\/\/www.ludilau.com.ar\/web\/wp-content\/uploads\/2020\/04\/GJ-online-2-1024x447.png 1024w, https:\/\/www.ludilau.com.ar\/web\/wp-content\/uploads\/2020\/04\/GJ-online-2-300x131.png 300w, https:\/\/www.ludilau.com.ar\/web\/wp-content\/uploads\/2020\/04\/GJ-online-2-768x335.png 768w, https:\/\/www.ludilau.com.ar\/web\/wp-content\/uploads\/2020\/04\/GJ-online-2-1536x671.png 1536w, https:\/\/www.ludilau.com.ar\/web\/wp-content\/uploads\/2020\/04\/GJ-online-2-2048x894.png 2048w\" sizes=\"auto, (max-width: 1024px) 100vw, 1024px\" \/><\/figure>\n\n\n\n<p>Nos hace muy bien a todxs poder estar en contacto, cantar y jugar un rato!???<\/p>\n\n\n\n<p><img decoding=\"async\" alt=\"\u270f\" src=\"https:\/\/mail.google.com\/mail\/e\/270f\">&nbsp;Cualquier consulta no dudes en escribirnos o comunicarte por <strong>WhatsApp al 15-4927-9264<\/strong>&nbsp;dej\u00e1ndonos tu nombre y la edad de tu beb\u00e9.<\/p>\n\n\n\n<p><img decoding=\"async\" alt=\"?\" src=\"https:\/\/mail.google.com\/mail\/e\/1f310\">&nbsp;En la web pod\u00e9s pispear im\u00e1genes, videos e info acerca de los Grupos de Juego: <a rel=\"noreferrer noopener\" href=\"http:\/\/www.ludilau.com.ar\" target=\"_blank\">www.ludilau.com.ar<\/a><br><img decoding=\"async\" alt=\"\u23fa\" src=\"https:\/\/mail.google.com\/mail\/e\/23fa\">&nbsp;Album de fotos del taller:&nbsp;<a rel=\"noreferrer noopener\" href=\"https:\/\/bit.ly\/3cdY00M\" target=\"_blank\">https:\/\/bit.ly\/3cdY00M<\/a><br><img decoding=\"async\" alt=\"\u23fa\" src=\"https:\/\/mail.google.com\/mail\/e\/23fa\">&nbsp;Qui\u00e9nes somos: <a rel=\"noreferrer noopener\" href=\"https:\/\/bit.ly\/2z1rvkx\" target=\"_blank\">https:\/\/bit.ly\/2z1rvkx<\/a><\/p>\n\n\n\n<p>\/\/\/ Coordinado por docentes, especializadas en Primera Infancia y Musicoterapeutas<\/p>\n","protected":false},"excerpt":{"rendered":"<p>Un espacio c\u00e1lido para disfrutar desde tu casa, con tu beb\u00e9 y compartir con otras familias. A trav\u00e9s del juego y la m\u00fasica se&nbsp;disfruta de la literatura,&nbsp;de la&nbsp;estimulaci\u00f3n de los sentidos, se favorece el&nbsp;aprendizaje&nbsp;y la&nbsp;exploraci\u00f3n, se invita a la&nbsp;imaginaci\u00f3n, a<\/p>\n","protected":false},"author":1,"featured_media":11314,"parent":0,"menu_order":0,"comment_status":"closed","ping_status":"closed","template":"","meta":{"_joinchat":[],"footnotes":""},"class_list":["post-11310","page","type-page","status-publish","has-post-thumbnail","hentry"],"yoast_head":"<!-- This site is optimized with the Yoast SEO plugin v27.1.1 - https:\/\/yoast.com\/product\/yoast-seo-wordpress\/ -->\n<title>Online | Grupos de Juego y M\u00fasica para vos y tu beb\u00e9 - Ludilau<\/title>\n<meta name=\"description\" content=\"Un espacio c\u00e1lido para disfrutar desde tu casa, con tu beb\u00e9 y compartir con otras familias. Jugando con mam\u00e1 en cuarentena.\" \/>\n<meta name=\"robots\" content=\"index, follow, max-snippet:-1, max-image-preview:large, max-video-preview:-1\" \/>\n<link rel=\"canonical\" href=\"https:\/\/www.ludilau.com.ar\/web\/grupos-de-juego-online\/\" \/>\n<meta property=\"og:locale\" content=\"es_ES\" \/>\n<meta property=\"og:type\" content=\"article\" \/>\n<meta property=\"og:title\" content=\"Online | Grupos de Juego y M\u00fasica para vos y tu beb\u00e9 - Ludilau\" \/>\n<meta property=\"og:description\" content=\"Un espacio c\u00e1lido para disfrutar desde tu casa, con tu beb\u00e9 y compartir con otras familias. Jugando con mam\u00e1 en cuarentena.\" \/>\n<meta property=\"og:url\" content=\"https:\/\/www.ludilau.com.ar\/web\/grupos-de-juego-online\/\" \/>\n<meta property=\"og:site_name\" content=\"Espacio Ludilau\" \/>\n<meta property=\"article:publisher\" content=\"https:\/\/www.facebook.com\/Ludilau\" \/>\n<meta property=\"article:modified_time\" content=\"2021-02-19T00:58:11+00:00\" \/>\n<meta property=\"og:image\" content=\"https:\/\/www.ludilau.com.ar\/web\/wp-content\/uploads\/2020\/04\/GJ-online-2-1024x447.png\" \/>\n\t<meta property=\"og:image:width\" content=\"1024\" \/>\n\t<meta property=\"og:image:height\" content=\"447\" \/>\n\t<meta property=\"og:image:type\" content=\"image\/png\" \/>\n<meta name=\"twitter:card\" content=\"summary_large_image\" \/>\n<meta name=\"twitter:site\" content=\"@espacioludilau\" \/>\n<meta name=\"twitter:label1\" content=\"Tiempo de lectura\" \/>\n\t<meta name=\"twitter:data1\" content=\"1 minuto\" \/>\n<script type=\"application\/ld+json\" class=\"yoast-schema-graph\">{\"@context\":\"https:\/\/schema.org\",\"@graph\":[{\"@type\":\"WebPage\",\"@id\":\"https:\/\/www.ludilau.com.ar\/web\/grupos-de-juego-online\/\",\"url\":\"https:\/\/www.ludilau.com.ar\/web\/grupos-de-juego-online\/\",\"name\":\"Online | Grupos de Juego y M\u00fasica para vos y tu beb\u00e9 - Ludilau\",\"isPartOf\":{\"@id\":\"https:\/\/www.ludilau.com.ar\/web\/#website\"},\"primaryImageOfPage\":{\"@id\":\"https:\/\/www.ludilau.com.ar\/web\/grupos-de-juego-online\/#primaryimage\"},\"image\":{\"@id\":\"https:\/\/www.ludilau.com.ar\/web\/grupos-de-juego-online\/#primaryimage\"},\"thumbnailUrl\":\"https:\/\/www.ludilau.com.ar\/web\/wp-content\/uploads\/2020\/04\/GJ-online-2.png\",\"datePublished\":\"2020-04-13T03:26:10+00:00\",\"dateModified\":\"2021-02-19T00:58:11+00:00\",\"description\":\"Un espacio c\u00e1lido para disfrutar desde tu casa, con tu beb\u00e9 y compartir con otras familias. Jugando con mam\u00e1 en cuarentena.\",\"breadcrumb\":{\"@id\":\"https:\/\/www.ludilau.com.ar\/web\/grupos-de-juego-online\/#breadcrumb\"},\"inLanguage\":\"es\",\"potentialAction\":[{\"@type\":\"ReadAction\",\"target\":[\"https:\/\/www.ludilau.com.ar\/web\/grupos-de-juego-online\/\"]}]},{\"@type\":\"ImageObject\",\"inLanguage\":\"es\",\"@id\":\"https:\/\/www.ludilau.com.ar\/web\/grupos-de-juego-online\/#primaryimage\",\"url\":\"https:\/\/www.ludilau.com.ar\/web\/wp-content\/uploads\/2020\/04\/GJ-online-2.png\",\"contentUrl\":\"https:\/\/www.ludilau.com.ar\/web\/wp-content\/uploads\/2020\/04\/GJ-online-2.png\",\"width\":2166,\"height\":946},{\"@type\":\"BreadcrumbList\",\"@id\":\"https:\/\/www.ludilau.com.ar\/web\/grupos-de-juego-online\/#breadcrumb\",\"itemListElement\":[{\"@type\":\"ListItem\",\"position\":1,\"name\":\"Portada\",\"item\":\"https:\/\/www.ludilau.com.ar\/web\/\"},{\"@type\":\"ListItem\",\"position\":2,\"name\":\"Online | Grupos de Juego y M\u00fasica\"}]},{\"@type\":\"WebSite\",\"@id\":\"https:\/\/www.ludilau.com.ar\/web\/#website\",\"url\":\"https:\/\/www.ludilau.com.ar\/web\/\",\"name\":\"Espacio Ludilau\",\"description\":\"Acompa\u00f1amos a las Familias desde el juego, la m\u00fasica, el masaje, la crianza, el movimiento y la socializaci\u00f3n durante los primeros a\u00f1os de la mapaternidad.\",\"potentialAction\":[{\"@type\":\"SearchAction\",\"target\":{\"@type\":\"EntryPoint\",\"urlTemplate\":\"https:\/\/www.ludilau.com.ar\/web\/?s={search_term_string}\"},\"query-input\":{\"@type\":\"PropertyValueSpecification\",\"valueRequired\":true,\"valueName\":\"search_term_string\"}}],\"inLanguage\":\"es\"}]}<\/script>\n<!-- \/ Yoast SEO plugin. -->","yoast_head_json":{"title":"Online | Grupos de Juego y M\u00fasica para vos y tu beb\u00e9 - Ludilau","description":"Un espacio c\u00e1lido para disfrutar desde tu casa, con tu beb\u00e9 y compartir con otras familias. Jugando con mam\u00e1 en cuarentena.","robots":{"index":"index","follow":"follow","max-snippet":"max-snippet:-1","max-image-preview":"max-image-preview:large","max-video-preview":"max-video-preview:-1"},"canonical":"https:\/\/www.ludilau.com.ar\/web\/grupos-de-juego-online\/","og_locale":"es_ES","og_type":"article","og_title":"Online | Grupos de Juego y M\u00fasica para vos y tu beb\u00e9 - Ludilau","og_description":"Un espacio c\u00e1lido para disfrutar desde tu casa, con tu beb\u00e9 y compartir con otras familias. Jugando con mam\u00e1 en cuarentena.","og_url":"https:\/\/www.ludilau.com.ar\/web\/grupos-de-juego-online\/","og_site_name":"Espacio Ludilau","article_publisher":"https:\/\/www.facebook.com\/Ludilau","article_modified_time":"2021-02-19T00:58:11+00:00","og_image":[{"width":1024,"height":447,"url":"https:\/\/www.ludilau.com.ar\/web\/wp-content\/uploads\/2020\/04\/GJ-online-2-1024x447.png","type":"image\/png"}],"twitter_card":"summary_large_image","twitter_site":"@espacioludilau","twitter_misc":{"Tiempo de lectura":"1 minuto"},"schema":{"@context":"https:\/\/schema.org","@graph":[{"@type":"WebPage","@id":"https:\/\/www.ludilau.com.ar\/web\/grupos-de-juego-online\/","url":"https:\/\/www.ludilau.com.ar\/web\/grupos-de-juego-online\/","name":"Online | Grupos de Juego y M\u00fasica para vos y tu beb\u00e9 - Ludilau","isPartOf":{"@id":"https:\/\/www.ludilau.com.ar\/web\/#website"},"primaryImageOfPage":{"@id":"https:\/\/www.ludilau.com.ar\/web\/grupos-de-juego-online\/#primaryimage"},"image":{"@id":"https:\/\/www.ludilau.com.ar\/web\/grupos-de-juego-online\/#primaryimage"},"thumbnailUrl":"https:\/\/www.ludilau.com.ar\/web\/wp-content\/uploads\/2020\/04\/GJ-online-2.png","datePublished":"2020-04-13T03:26:10+00:00","dateModified":"2021-02-19T00:58:11+00:00","description":"Un espacio c\u00e1lido para disfrutar desde tu casa, con tu beb\u00e9 y compartir con otras familias. Jugando con mam\u00e1 en cuarentena.","breadcrumb":{"@id":"https:\/\/www.ludilau.com.ar\/web\/grupos-de-juego-online\/#breadcrumb"},"inLanguage":"es","potentialAction":[{"@type":"ReadAction","target":["https:\/\/www.ludilau.com.ar\/web\/grupos-de-juego-online\/"]}]},{"@type":"ImageObject","inLanguage":"es","@id":"https:\/\/www.ludilau.com.ar\/web\/grupos-de-juego-online\/#primaryimage","url":"https:\/\/www.ludilau.com.ar\/web\/wp-content\/uploads\/2020\/04\/GJ-online-2.png","contentUrl":"https:\/\/www.ludilau.com.ar\/web\/wp-content\/uploads\/2020\/04\/GJ-online-2.png","width":2166,"height":946},{"@type":"BreadcrumbList","@id":"https:\/\/www.ludilau.com.ar\/web\/grupos-de-juego-online\/#breadcrumb","itemListElement":[{"@type":"ListItem","position":1,"name":"Portada","item":"https:\/\/www.ludilau.com.ar\/web\/"},{"@type":"ListItem","position":2,"name":"Online | Grupos de Juego y M\u00fasica"}]},{"@type":"WebSite","@id":"https:\/\/www.ludilau.com.ar\/web\/#website","url":"https:\/\/www.ludilau.com.ar\/web\/","name":"Espacio Ludilau","description":"Acompa\u00f1amos a las Familias desde el juego, la m\u00fasica, el masaje, la crianza, el movimiento y la socializaci\u00f3n durante los primeros a\u00f1os de la mapaternidad.","potentialAction":[{"@type":"SearchAction","target":{"@type":"EntryPoint","urlTemplate":"https:\/\/www.ludilau.com.ar\/web\/?s={search_term_string}"},"query-input":{"@type":"PropertyValueSpecification","valueRequired":true,"valueName":"search_term_string"}}],"inLanguage":"es"}]}},"_links":{"self":[{"href":"https:\/\/www.ludilau.com.ar\/web\/wp-json\/wp\/v2\/pages\/11310","targetHints":{"allow":["GET"]}}],"collection":[{"href":"https:\/\/www.ludilau.com.ar\/web\/wp-json\/wp\/v2\/pages"}],"about":[{"href":"https:\/\/www.ludilau.com.ar\/web\/wp-json\/wp\/v2\/types\/page"}],"author":[{"embeddable":true,"href":"https:\/\/www.ludilau.com.ar\/web\/wp-json\/wp\/v2\/users\/1"}],"replies":[{"embeddable":true,"href":"https:\/\/www.ludilau.com.ar\/web\/wp-json\/wp\/v2\/comments?post=11310"}],"version-history":[{"count":7,"href":"https:\/\/www.ludilau.com.ar\/web\/wp-json\/wp\/v2\/pages\/11310\/revisions"}],"predecessor-version":[{"id":13231,"href":"https:\/\/www.ludilau.com.ar\/web\/wp-json\/wp\/v2\/pages\/11310\/revisions\/13231"}],"wp:featuredmedia":[{"embeddable":true,"href":"https:\/\/www.ludilau.com.ar\/web\/wp-json\/wp\/v2\/media\/11314"}],"wp:attachment":[{"href":"https:\/\/www.ludilau.com.ar\/web\/wp-json\/wp\/v2\/media?parent=11310"}],"curies":[{"name":"wp","href":"https:\/\/api.w.org\/{rel}","templated":true}]}}