{"id":1572,"date":"2013-02-20T20:35:21","date_gmt":"2013-02-20T23:35:21","guid":{"rendered":"http:\/\/ludilau.com.ar\/?page_id=1572"},"modified":"2025-05-29T11:16:34","modified_gmt":"2025-05-29T14:16:34","slug":"crianza-en-movimiento-juego-musica-trabajo-corporal-post-parto","status":"publish","type":"page","link":"https:\/\/www.ludilau.com.ar\/web\/crianza-en-movimiento-juego-musica-trabajo-corporal-post-parto\/","title":{"rendered":"Juego &amp; Crianza (Maternando en Tribu)"},"content":{"rendered":"\n<p>Bienvenidas al Taller de \u00ab<strong>Juego &amp; Crianza<\/strong>\u00bb en Florida Este (Vicente L\u00f3pez)<\/p>\n\n\n\n<p><strong>Maternando en Tribu \ud83d\udcaa<\/strong><\/p>\n\n\n\n<p>\ud83c\udf3fUna propuesta pensada para generar lazos y fortalecer v\u00ednculos compartiendo experiencias, sentires, deseos y charlas en relaci\u00f3n a la maternidad, la crianza y la vida misma. \ud83d\ude4c\ud83d\udc9c<\/p>\n\n\n\n<p>\ud83c\udf3f Un espacio c\u00e1lido para disfrutar con tu beb\u00e9 y otras familias compartiendo momentos de juego y exploraci\u00f3n a trav\u00e9s de canciones, masajes, cuentos, rondas y bailes.<\/p>\n\n\n\n<p>\ud83c\udf3f A trav\u00e9s del juego aprendemos a conocer a nuestro bebe y a conectarnos con \u00e9l de diversas maneras entendiendo su particular forma de apropiarse del mundo y favoreciendo el v\u00ednculo.<\/p>\n\n\n\n<p>\ud83c\udf3f Un espacio que promueve el intercambio de experiencias, sin juzgar, para maternar y maternarnos con AmOr. \ud83d\ude4c\ud83d\udc9c<\/p>\n\n\n\n<p>\ud83c\udf3f Un lugar para soltar nuestro cuerpo que sostiene sin pausa y tambi\u00e9n necesita ser sostenido. \ud83e\udd70 \ud83d\udcaa \u00bfC\u00f3mo? Bailando, sacudiendo, estirando, charlando, riendo\u2026 liberando tensiones y alivianando las emociones.<\/p>\n\n\n\n<figure class=\"wp-block-image size-full is-resized\"><a href=\"https:\/\/docs.google.com\/forms\/d\/e\/1FAIpQLScX83BILt56Uja4uh-87iVg7FWIJ0K1K9bx4oPd1hSpHUiN2A\/viewform\" target=\"_blank\" rel=\"noreferrer noopener\"><img loading=\"lazy\" decoding=\"async\" width=\"500\" height=\"102\" src=\"https:\/\/www.ludilau.com.ar\/web\/wp-content\/uploads\/2023\/01\/image.png\" alt=\"\" class=\"wp-image-15233\" style=\"width:211px;height:auto\" srcset=\"https:\/\/www.ludilau.com.ar\/web\/wp-content\/uploads\/2023\/01\/image.png 500w, https:\/\/www.ludilau.com.ar\/web\/wp-content\/uploads\/2023\/01\/image-300x61.png 300w\" sizes=\"auto, (max-width: 500px) 100vw, 500px\" \/><\/a><\/figure>\n\n\n\n<p><strong>\ud83d\udc9cUn mimo para Vos y tu beb\u00e9, en estos primeros meses\ud83d\udc9c<\/strong><\/p>\n\n\n\n<figure class=\"wp-block-gallery has-nested-images columns-5 is-cropped wp-block-gallery-1 is-layout-flex wp-block-gallery-is-layout-flex\">\n<figure class=\"wp-block-image size-thumbnail\"><img loading=\"lazy\" decoding=\"async\" width=\"150\" height=\"150\" data-id=\"16250\" src=\"https:\/\/www.ludilau.com.ar\/web\/wp-content\/uploads\/2024\/08\/crianza-1-150x150.jpeg\" alt=\"\" class=\"wp-image-16250\" srcset=\"https:\/\/www.ludilau.com.ar\/web\/wp-content\/uploads\/2024\/08\/crianza-1-150x150.jpeg 150w, https:\/\/www.ludilau.com.ar\/web\/wp-content\/uploads\/2024\/08\/crianza-1-230x230.jpeg 230w, https:\/\/www.ludilau.com.ar\/web\/wp-content\/uploads\/2024\/08\/crianza-1-365x365.jpeg 365w\" sizes=\"auto, (max-width: 150px) 100vw, 150px\" \/><\/figure>\n\n\n\n<figure class=\"wp-block-image size-large\"><img loading=\"lazy\" decoding=\"async\" width=\"1024\" height=\"682\" data-id=\"16251\" src=\"https:\/\/www.ludilau.com.ar\/web\/wp-content\/uploads\/2024\/08\/crianza-2-1024x682.jpeg\" alt=\"\" class=\"wp-image-16251\" srcset=\"https:\/\/www.ludilau.com.ar\/web\/wp-content\/uploads\/2024\/08\/crianza-2-1024x682.jpeg 1024w, https:\/\/www.ludilau.com.ar\/web\/wp-content\/uploads\/2024\/08\/crianza-2-300x200.jpeg 300w, https:\/\/www.ludilau.com.ar\/web\/wp-content\/uploads\/2024\/08\/crianza-2-768x511.jpeg 768w, https:\/\/www.ludilau.com.ar\/web\/wp-content\/uploads\/2024\/08\/crianza-2-1536x1022.jpeg 1536w, https:\/\/www.ludilau.com.ar\/web\/wp-content\/uploads\/2024\/08\/crianza-2.jpeg 1600w\" sizes=\"auto, (max-width: 1024px) 100vw, 1024px\" \/><\/figure>\n\n\n\n<figure class=\"wp-block-image size-large\"><img loading=\"lazy\" decoding=\"async\" width=\"1024\" height=\"682\" data-id=\"16252\" src=\"https:\/\/www.ludilau.com.ar\/web\/wp-content\/uploads\/2024\/08\/crianza-3-1024x682.jpeg\" alt=\"\" class=\"wp-image-16252\" srcset=\"https:\/\/www.ludilau.com.ar\/web\/wp-content\/uploads\/2024\/08\/crianza-3-1024x682.jpeg 1024w, https:\/\/www.ludilau.com.ar\/web\/wp-content\/uploads\/2024\/08\/crianza-3-300x200.jpeg 300w, https:\/\/www.ludilau.com.ar\/web\/wp-content\/uploads\/2024\/08\/crianza-3-768x511.jpeg 768w, https:\/\/www.ludilau.com.ar\/web\/wp-content\/uploads\/2024\/08\/crianza-3-1536x1022.jpeg 1536w, https:\/\/www.ludilau.com.ar\/web\/wp-content\/uploads\/2024\/08\/crianza-3.jpeg 1600w\" sizes=\"auto, (max-width: 1024px) 100vw, 1024px\" \/><\/figure>\n\n\n\n<figure class=\"wp-block-image size-large\"><img loading=\"lazy\" decoding=\"async\" width=\"1024\" height=\"682\" data-id=\"16253\" src=\"https:\/\/www.ludilau.com.ar\/web\/wp-content\/uploads\/2024\/08\/crianza-4-1024x682.jpeg\" alt=\"\" class=\"wp-image-16253\" srcset=\"https:\/\/www.ludilau.com.ar\/web\/wp-content\/uploads\/2024\/08\/crianza-4-1024x682.jpeg 1024w, https:\/\/www.ludilau.com.ar\/web\/wp-content\/uploads\/2024\/08\/crianza-4-300x200.jpeg 300w, https:\/\/www.ludilau.com.ar\/web\/wp-content\/uploads\/2024\/08\/crianza-4-768x511.jpeg 768w, https:\/\/www.ludilau.com.ar\/web\/wp-content\/uploads\/2024\/08\/crianza-4-1536x1022.jpeg 1536w, https:\/\/www.ludilau.com.ar\/web\/wp-content\/uploads\/2024\/08\/crianza-4.jpeg 1600w\" sizes=\"auto, (max-width: 1024px) 100vw, 1024px\" \/><\/figure>\n\n\n\n<figure class=\"wp-block-image size-large\"><img loading=\"lazy\" decoding=\"async\" width=\"1024\" height=\"682\" data-id=\"16254\" src=\"https:\/\/www.ludilau.com.ar\/web\/wp-content\/uploads\/2024\/08\/crianza-5-1024x682.jpeg\" alt=\"\" class=\"wp-image-16254\" srcset=\"https:\/\/www.ludilau.com.ar\/web\/wp-content\/uploads\/2024\/08\/crianza-5-1024x682.jpeg 1024w, https:\/\/www.ludilau.com.ar\/web\/wp-content\/uploads\/2024\/08\/crianza-5-300x200.jpeg 300w, https:\/\/www.ludilau.com.ar\/web\/wp-content\/uploads\/2024\/08\/crianza-5-768x511.jpeg 768w, https:\/\/www.ludilau.com.ar\/web\/wp-content\/uploads\/2024\/08\/crianza-5-1536x1022.jpeg 1536w, https:\/\/www.ludilau.com.ar\/web\/wp-content\/uploads\/2024\/08\/crianza-5.jpeg 1600w\" sizes=\"auto, (max-width: 1024px) 100vw, 1024px\" \/><\/figure>\n\n\n\n<figure class=\"wp-block-image size-large\"><img loading=\"lazy\" decoding=\"async\" width=\"1024\" height=\"768\" data-id=\"16255\" src=\"https:\/\/www.ludilau.com.ar\/web\/wp-content\/uploads\/2024\/08\/crianza-6-1024x768.jpeg\" alt=\"\" class=\"wp-image-16255\" srcset=\"https:\/\/www.ludilau.com.ar\/web\/wp-content\/uploads\/2024\/08\/crianza-6-1024x768.jpeg 1024w, https:\/\/www.ludilau.com.ar\/web\/wp-content\/uploads\/2024\/08\/crianza-6-300x225.jpeg 300w, https:\/\/www.ludilau.com.ar\/web\/wp-content\/uploads\/2024\/08\/crianza-6-768x576.jpeg 768w, https:\/\/www.ludilau.com.ar\/web\/wp-content\/uploads\/2024\/08\/crianza-6-1536x1152.jpeg 1536w, https:\/\/www.ludilau.com.ar\/web\/wp-content\/uploads\/2024\/08\/crianza-6.jpeg 1600w\" sizes=\"auto, (max-width: 1024px) 100vw, 1024px\" \/><\/figure>\n\n\n\n<figure class=\"wp-block-image size-large\"><img loading=\"lazy\" decoding=\"async\" width=\"768\" height=\"1024\" data-id=\"16256\" src=\"https:\/\/www.ludilau.com.ar\/web\/wp-content\/uploads\/2024\/08\/crianza-7-768x1024.jpeg\" alt=\"\" class=\"wp-image-16256\" srcset=\"https:\/\/www.ludilau.com.ar\/web\/wp-content\/uploads\/2024\/08\/crianza-7-768x1024.jpeg 768w, https:\/\/www.ludilau.com.ar\/web\/wp-content\/uploads\/2024\/08\/crianza-7-225x300.jpeg 225w, https:\/\/www.ludilau.com.ar\/web\/wp-content\/uploads\/2024\/08\/crianza-7-1152x1536.jpeg 1152w, https:\/\/www.ludilau.com.ar\/web\/wp-content\/uploads\/2024\/08\/crianza-7.jpeg 1200w\" sizes=\"auto, (max-width: 768px) 100vw, 768px\" \/><\/figure>\n\n\n\n<figure class=\"wp-block-image size-large\"><img loading=\"lazy\" decoding=\"async\" width=\"1024\" height=\"682\" data-id=\"16257\" src=\"https:\/\/www.ludilau.com.ar\/web\/wp-content\/uploads\/2024\/08\/crianza-8-1024x682.jpeg\" alt=\"\" class=\"wp-image-16257\" srcset=\"https:\/\/www.ludilau.com.ar\/web\/wp-content\/uploads\/2024\/08\/crianza-8-1024x682.jpeg 1024w, https:\/\/www.ludilau.com.ar\/web\/wp-content\/uploads\/2024\/08\/crianza-8-300x200.jpeg 300w, https:\/\/www.ludilau.com.ar\/web\/wp-content\/uploads\/2024\/08\/crianza-8-768x511.jpeg 768w, https:\/\/www.ludilau.com.ar\/web\/wp-content\/uploads\/2024\/08\/crianza-8-1536x1022.jpeg 1536w, https:\/\/www.ludilau.com.ar\/web\/wp-content\/uploads\/2024\/08\/crianza-8.jpeg 1600w\" sizes=\"auto, (max-width: 1024px) 100vw, 1024px\" \/><\/figure>\n\n\n\n<figure class=\"wp-block-image size-large\"><img loading=\"lazy\" decoding=\"async\" width=\"768\" height=\"1024\" data-id=\"16258\" src=\"https:\/\/www.ludilau.com.ar\/web\/wp-content\/uploads\/2024\/08\/crianza-9-768x1024.jpeg\" alt=\"\" class=\"wp-image-16258\" srcset=\"https:\/\/www.ludilau.com.ar\/web\/wp-content\/uploads\/2024\/08\/crianza-9-768x1024.jpeg 768w, https:\/\/www.ludilau.com.ar\/web\/wp-content\/uploads\/2024\/08\/crianza-9-225x300.jpeg 225w, https:\/\/www.ludilau.com.ar\/web\/wp-content\/uploads\/2024\/08\/crianza-9-1152x1536.jpeg 1152w, https:\/\/www.ludilau.com.ar\/web\/wp-content\/uploads\/2024\/08\/crianza-9.jpeg 1200w\" sizes=\"auto, (max-width: 768px) 100vw, 768px\" \/><\/figure>\n\n\n\n<figure class=\"wp-block-image size-large\"><img loading=\"lazy\" decoding=\"async\" width=\"768\" height=\"1024\" data-id=\"16259\" src=\"https:\/\/www.ludilau.com.ar\/web\/wp-content\/uploads\/2024\/08\/crianza-10-768x1024.jpeg\" alt=\"\" class=\"wp-image-16259\" srcset=\"https:\/\/www.ludilau.com.ar\/web\/wp-content\/uploads\/2024\/08\/crianza-10-768x1024.jpeg 768w, https:\/\/www.ludilau.com.ar\/web\/wp-content\/uploads\/2024\/08\/crianza-10-225x300.jpeg 225w, https:\/\/www.ludilau.com.ar\/web\/wp-content\/uploads\/2024\/08\/crianza-10-1152x1536.jpeg 1152w, https:\/\/www.ludilau.com.ar\/web\/wp-content\/uploads\/2024\/08\/crianza-10.jpeg 1200w\" sizes=\"auto, (max-width: 768px) 100vw, 768px\" \/><\/figure>\n\n\n\n<figure class=\"wp-block-image size-large\"><img loading=\"lazy\" decoding=\"async\" width=\"768\" height=\"1024\" data-id=\"16260\" src=\"https:\/\/www.ludilau.com.ar\/web\/wp-content\/uploads\/2024\/08\/crianza-11-768x1024.jpeg\" alt=\"\" class=\"wp-image-16260\" srcset=\"https:\/\/www.ludilau.com.ar\/web\/wp-content\/uploads\/2024\/08\/crianza-11-768x1024.jpeg 768w, https:\/\/www.ludilau.com.ar\/web\/wp-content\/uploads\/2024\/08\/crianza-11-225x300.jpeg 225w, https:\/\/www.ludilau.com.ar\/web\/wp-content\/uploads\/2024\/08\/crianza-11-1152x1536.jpeg 1152w, https:\/\/www.ludilau.com.ar\/web\/wp-content\/uploads\/2024\/08\/crianza-11.jpeg 1200w\" sizes=\"auto, (max-width: 768px) 100vw, 768px\" \/><\/figure>\n\n\n\n<figure class=\"wp-block-image size-large\"><img loading=\"lazy\" decoding=\"async\" width=\"1024\" height=\"768\" data-id=\"16261\" src=\"https:\/\/www.ludilau.com.ar\/web\/wp-content\/uploads\/2024\/08\/crianza-12-1024x768.jpeg\" alt=\"\" class=\"wp-image-16261\" srcset=\"https:\/\/www.ludilau.com.ar\/web\/wp-content\/uploads\/2024\/08\/crianza-12-1024x768.jpeg 1024w, https:\/\/www.ludilau.com.ar\/web\/wp-content\/uploads\/2024\/08\/crianza-12-300x225.jpeg 300w, https:\/\/www.ludilau.com.ar\/web\/wp-content\/uploads\/2024\/08\/crianza-12-768x576.jpeg 768w, https:\/\/www.ludilau.com.ar\/web\/wp-content\/uploads\/2024\/08\/crianza-12.jpeg 1280w\" sizes=\"auto, (max-width: 1024px) 100vw, 1024px\" \/><\/figure>\n\n\n\n<figure class=\"wp-block-image size-large\"><img loading=\"lazy\" decoding=\"async\" width=\"1024\" height=\"682\" data-id=\"16262\" src=\"https:\/\/www.ludilau.com.ar\/web\/wp-content\/uploads\/2024\/08\/crianza-13-1024x682.jpeg\" alt=\"\" class=\"wp-image-16262\" srcset=\"https:\/\/www.ludilau.com.ar\/web\/wp-content\/uploads\/2024\/08\/crianza-13-1024x682.jpeg 1024w, https:\/\/www.ludilau.com.ar\/web\/wp-content\/uploads\/2024\/08\/crianza-13-300x200.jpeg 300w, https:\/\/www.ludilau.com.ar\/web\/wp-content\/uploads\/2024\/08\/crianza-13-768x511.jpeg 768w, https:\/\/www.ludilau.com.ar\/web\/wp-content\/uploads\/2024\/08\/crianza-13.jpeg 1280w\" sizes=\"auto, (max-width: 1024px) 100vw, 1024px\" \/><\/figure>\n<\/figure>\n\n\n\n<p>Todos los Lunes de 14 a 15:30 hs. <br>Laprida y Warnes, Florida Este.<br>Grupo Reducido<\/p>\n\n\n\n<p><strong>\ud83d\udcdd \u00bfC\u00f3mo reservo mi vacante?<br><\/strong>1) Completando el <a href=\"https:\/\/docs.google.com\/forms\/d\/e\/1FAIpQLScX83BILt56Uja4uh-87iVg7FWIJ0K1K9bx4oPd1hSpHUiN2A\/viewform\" target=\"_blank\" rel=\"noreferrer noopener\">formulario<\/a> con tus datos personales.<\/p>\n\n\n\n<p>2) Realizando el pago de la cuota<\/p>\n\n\n\n<p>3) Mandando el comprobante de pago por whatsapp &#8211; 1154055863 (Laura)<\/p>\n\n\n\n<p>4) Te responderemos con un whatsapp de bienvenida recordando todos los detalles para el inicio.<\/p>\n\n\n\n<p><strong>Datos bancarios<br><\/strong>Laura Uchitel<br>Alias: ludilau.mp<br>CBU: 0000003100070102711364<br>MercadoPago<\/p>\n\n\n\n<figure class=\"wp-block-image size-full is-resized\"><a href=\"https:\/\/docs.google.com\/forms\/d\/e\/1FAIpQLScX83BILt56Uja4uh-87iVg7FWIJ0K1K9bx4oPd1hSpHUiN2A\/viewform\" target=\"_blank\" rel=\"noreferrer noopener\"><img loading=\"lazy\" decoding=\"async\" width=\"500\" height=\"102\" src=\"https:\/\/www.ludilau.com.ar\/web\/wp-content\/uploads\/2023\/01\/image.png\" alt=\"\" class=\"wp-image-15233\" style=\"width:211px;height:auto\" srcset=\"https:\/\/www.ludilau.com.ar\/web\/wp-content\/uploads\/2023\/01\/image.png 500w, https:\/\/www.ludilau.com.ar\/web\/wp-content\/uploads\/2023\/01\/image-300x61.png 300w\" sizes=\"auto, (max-width: 500px) 100vw, 500px\" \/><\/a><\/figure>\n\n\n\n<p>Si ten\u00e9s dudas consultame lo que sea por IG o escribime directamente al Whatsapp 1554055863 \ud83d\udcf2<\/p>\n\n\n\n<p>Un cari\u00f1o,<br>Lau \ud83d\udc9c<\/p>\n","protected":false},"excerpt":{"rendered":"<p>Bienvenidas al Taller de \u00abJuego &amp; Crianza\u00bb en Florida Este (Vicente L\u00f3pez) Maternando en Tribu \ud83d\udcaa \ud83c\udf3fUna propuesta pensada para generar lazos y fortalecer v\u00ednculos compartiendo experiencias, sentires, deseos y charlas en relaci\u00f3n a la maternidad, la crianza y la<\/p>\n","protected":false},"author":1,"featured_media":16253,"parent":0,"menu_order":0,"comment_status":"closed","ping_status":"open","template":"","meta":{"_joinchat":[],"footnotes":""},"class_list":["post-1572","page","type-page","status-publish","has-post-thumbnail","hentry"],"yoast_head":"<!-- This site is optimized with the Yoast SEO plugin v27.1.1 - https:\/\/yoast.com\/product\/yoast-seo-wordpress\/ -->\n<title>Juego &amp; Crianza (Maternando en Tribu) en Espacio Ludilau<\/title>\n<meta name=\"description\" content=\"Juego, M\u00fasica y Trabajo Corporal en el Post Parto. Mam\u00e1s con beb\u00e9s de 2 meses a la edad de gateo. Puerperio. Maternidad. Reci\u00e9n nacidos.\" \/>\n<meta name=\"robots\" content=\"index, follow, max-snippet:-1, max-image-preview:large, max-video-preview:-1\" \/>\n<link rel=\"canonical\" href=\"https:\/\/www.ludilau.com.ar\/web\/crianza-en-movimiento-juego-musica-trabajo-corporal-post-parto\/\" \/>\n<meta property=\"og:locale\" content=\"es_ES\" \/>\n<meta property=\"og:type\" content=\"article\" \/>\n<meta property=\"og:title\" content=\"Juego &amp; Crianza (Maternando en Tribu) en Espacio Ludilau\" \/>\n<meta property=\"og:description\" content=\"Juego, M\u00fasica y Trabajo Corporal en el Post Parto. Mam\u00e1s con beb\u00e9s de 2 meses a la edad de gateo. Puerperio. Maternidad. Reci\u00e9n nacidos.\" \/>\n<meta property=\"og:url\" content=\"https:\/\/www.ludilau.com.ar\/web\/crianza-en-movimiento-juego-musica-trabajo-corporal-post-parto\/\" \/>\n<meta property=\"og:site_name\" content=\"Espacio Ludilau\" \/>\n<meta property=\"article:publisher\" content=\"https:\/\/www.facebook.com\/Ludilau\" \/>\n<meta property=\"article:modified_time\" content=\"2025-05-29T14:16:34+00:00\" \/>\n<meta property=\"og:image\" content=\"https:\/\/www.ludilau.com.ar\/web\/wp-content\/uploads\/2024\/08\/crianza-4.jpeg\" \/>\n\t<meta property=\"og:image:width\" content=\"1600\" \/>\n\t<meta property=\"og:image:height\" content=\"1065\" \/>\n\t<meta property=\"og:image:type\" content=\"image\/jpeg\" \/>\n<meta name=\"twitter:card\" content=\"summary_large_image\" \/>\n<meta name=\"twitter:site\" content=\"@espacioludilau\" \/>\n<meta name=\"twitter:label1\" content=\"Tiempo de lectura\" \/>\n\t<meta name=\"twitter:data1\" content=\"5 minutos\" \/>\n<script type=\"application\/ld+json\" class=\"yoast-schema-graph\">{\"@context\":\"https:\/\/schema.org\",\"@graph\":[{\"@type\":\"WebPage\",\"@id\":\"https:\/\/www.ludilau.com.ar\/web\/crianza-en-movimiento-juego-musica-trabajo-corporal-post-parto\/\",\"url\":\"https:\/\/www.ludilau.com.ar\/web\/crianza-en-movimiento-juego-musica-trabajo-corporal-post-parto\/\",\"name\":\"Juego &amp; Crianza (Maternando en Tribu) en Espacio Ludilau\",\"isPartOf\":{\"@id\":\"https:\/\/www.ludilau.com.ar\/web\/#website\"},\"primaryImageOfPage\":{\"@id\":\"https:\/\/www.ludilau.com.ar\/web\/crianza-en-movimiento-juego-musica-trabajo-corporal-post-parto\/#primaryimage\"},\"image\":{\"@id\":\"https:\/\/www.ludilau.com.ar\/web\/crianza-en-movimiento-juego-musica-trabajo-corporal-post-parto\/#primaryimage\"},\"thumbnailUrl\":\"https:\/\/www.ludilau.com.ar\/web\/wp-content\/uploads\/2024\/08\/crianza-4.jpeg\",\"datePublished\":\"2013-02-20T23:35:21+00:00\",\"dateModified\":\"2025-05-29T14:16:34+00:00\",\"description\":\"Juego, M\u00fasica y Trabajo Corporal en el Post Parto. Mam\u00e1s con beb\u00e9s de 2 meses a la edad de gateo. Puerperio. Maternidad. Reci\u00e9n nacidos.\",\"breadcrumb\":{\"@id\":\"https:\/\/www.ludilau.com.ar\/web\/crianza-en-movimiento-juego-musica-trabajo-corporal-post-parto\/#breadcrumb\"},\"inLanguage\":\"es\",\"potentialAction\":[{\"@type\":\"ReadAction\",\"target\":[\"https:\/\/www.ludilau.com.ar\/web\/crianza-en-movimiento-juego-musica-trabajo-corporal-post-parto\/\"]}]},{\"@type\":\"ImageObject\",\"inLanguage\":\"es\",\"@id\":\"https:\/\/www.ludilau.com.ar\/web\/crianza-en-movimiento-juego-musica-trabajo-corporal-post-parto\/#primaryimage\",\"url\":\"https:\/\/www.ludilau.com.ar\/web\/wp-content\/uploads\/2024\/08\/crianza-4.jpeg\",\"contentUrl\":\"https:\/\/www.ludilau.com.ar\/web\/wp-content\/uploads\/2024\/08\/crianza-4.jpeg\",\"width\":1600,\"height\":1065},{\"@type\":\"BreadcrumbList\",\"@id\":\"https:\/\/www.ludilau.com.ar\/web\/crianza-en-movimiento-juego-musica-trabajo-corporal-post-parto\/#breadcrumb\",\"itemListElement\":[{\"@type\":\"ListItem\",\"position\":1,\"name\":\"Portada\",\"item\":\"https:\/\/www.ludilau.com.ar\/web\/\"},{\"@type\":\"ListItem\",\"position\":2,\"name\":\"Juego &amp; Crianza (Maternando en Tribu)\"}]},{\"@type\":\"WebSite\",\"@id\":\"https:\/\/www.ludilau.com.ar\/web\/#website\",\"url\":\"https:\/\/www.ludilau.com.ar\/web\/\",\"name\":\"Espacio Ludilau\",\"description\":\"Acompa\u00f1amos a las Familias desde el juego, la m\u00fasica, el masaje, la crianza, el movimiento y la socializaci\u00f3n durante los primeros a\u00f1os de la mapaternidad.\",\"potentialAction\":[{\"@type\":\"SearchAction\",\"target\":{\"@type\":\"EntryPoint\",\"urlTemplate\":\"https:\/\/www.ludilau.com.ar\/web\/?s={search_term_string}\"},\"query-input\":{\"@type\":\"PropertyValueSpecification\",\"valueRequired\":true,\"valueName\":\"search_term_string\"}}],\"inLanguage\":\"es\"}]}<\/script>\n<!-- \/ Yoast SEO plugin. -->","yoast_head_json":{"title":"Juego &amp; Crianza (Maternando en Tribu) en Espacio Ludilau","description":"Juego, M\u00fasica y Trabajo Corporal en el Post Parto. Mam\u00e1s con beb\u00e9s de 2 meses a la edad de gateo. Puerperio. Maternidad. Reci\u00e9n nacidos.","robots":{"index":"index","follow":"follow","max-snippet":"max-snippet:-1","max-image-preview":"max-image-preview:large","max-video-preview":"max-video-preview:-1"},"canonical":"https:\/\/www.ludilau.com.ar\/web\/crianza-en-movimiento-juego-musica-trabajo-corporal-post-parto\/","og_locale":"es_ES","og_type":"article","og_title":"Juego &amp; Crianza (Maternando en Tribu) en Espacio Ludilau","og_description":"Juego, M\u00fasica y Trabajo Corporal en el Post Parto. Mam\u00e1s con beb\u00e9s de 2 meses a la edad de gateo. Puerperio. Maternidad. Reci\u00e9n nacidos.","og_url":"https:\/\/www.ludilau.com.ar\/web\/crianza-en-movimiento-juego-musica-trabajo-corporal-post-parto\/","og_site_name":"Espacio Ludilau","article_publisher":"https:\/\/www.facebook.com\/Ludilau","article_modified_time":"2025-05-29T14:16:34+00:00","og_image":[{"width":1600,"height":1065,"url":"https:\/\/www.ludilau.com.ar\/web\/wp-content\/uploads\/2024\/08\/crianza-4.jpeg","type":"image\/jpeg"}],"twitter_card":"summary_large_image","twitter_site":"@espacioludilau","twitter_misc":{"Tiempo de lectura":"5 minutos"},"schema":{"@context":"https:\/\/schema.org","@graph":[{"@type":"WebPage","@id":"https:\/\/www.ludilau.com.ar\/web\/crianza-en-movimiento-juego-musica-trabajo-corporal-post-parto\/","url":"https:\/\/www.ludilau.com.ar\/web\/crianza-en-movimiento-juego-musica-trabajo-corporal-post-parto\/","name":"Juego &amp; Crianza (Maternando en Tribu) en Espacio Ludilau","isPartOf":{"@id":"https:\/\/www.ludilau.com.ar\/web\/#website"},"primaryImageOfPage":{"@id":"https:\/\/www.ludilau.com.ar\/web\/crianza-en-movimiento-juego-musica-trabajo-corporal-post-parto\/#primaryimage"},"image":{"@id":"https:\/\/www.ludilau.com.ar\/web\/crianza-en-movimiento-juego-musica-trabajo-corporal-post-parto\/#primaryimage"},"thumbnailUrl":"https:\/\/www.ludilau.com.ar\/web\/wp-content\/uploads\/2024\/08\/crianza-4.jpeg","datePublished":"2013-02-20T23:35:21+00:00","dateModified":"2025-05-29T14:16:34+00:00","description":"Juego, M\u00fasica y Trabajo Corporal en el Post Parto. Mam\u00e1s con beb\u00e9s de 2 meses a la edad de gateo. Puerperio. Maternidad. Reci\u00e9n nacidos.","breadcrumb":{"@id":"https:\/\/www.ludilau.com.ar\/web\/crianza-en-movimiento-juego-musica-trabajo-corporal-post-parto\/#breadcrumb"},"inLanguage":"es","potentialAction":[{"@type":"ReadAction","target":["https:\/\/www.ludilau.com.ar\/web\/crianza-en-movimiento-juego-musica-trabajo-corporal-post-parto\/"]}]},{"@type":"ImageObject","inLanguage":"es","@id":"https:\/\/www.ludilau.com.ar\/web\/crianza-en-movimiento-juego-musica-trabajo-corporal-post-parto\/#primaryimage","url":"https:\/\/www.ludilau.com.ar\/web\/wp-content\/uploads\/2024\/08\/crianza-4.jpeg","contentUrl":"https:\/\/www.ludilau.com.ar\/web\/wp-content\/uploads\/2024\/08\/crianza-4.jpeg","width":1600,"height":1065},{"@type":"BreadcrumbList","@id":"https:\/\/www.ludilau.com.ar\/web\/crianza-en-movimiento-juego-musica-trabajo-corporal-post-parto\/#breadcrumb","itemListElement":[{"@type":"ListItem","position":1,"name":"Portada","item":"https:\/\/www.ludilau.com.ar\/web\/"},{"@type":"ListItem","position":2,"name":"Juego &amp; Crianza (Maternando en Tribu)"}]},{"@type":"WebSite","@id":"https:\/\/www.ludilau.com.ar\/web\/#website","url":"https:\/\/www.ludilau.com.ar\/web\/","name":"Espacio Ludilau","description":"Acompa\u00f1amos a las Familias desde el juego, la m\u00fasica, el masaje, la crianza, el movimiento y la socializaci\u00f3n durante los primeros a\u00f1os de la mapaternidad.","potentialAction":[{"@type":"SearchAction","target":{"@type":"EntryPoint","urlTemplate":"https:\/\/www.ludilau.com.ar\/web\/?s={search_term_string}"},"query-input":{"@type":"PropertyValueSpecification","valueRequired":true,"valueName":"search_term_string"}}],"inLanguage":"es"}]}},"_links":{"self":[{"href":"https:\/\/www.ludilau.com.ar\/web\/wp-json\/wp\/v2\/pages\/1572","targetHints":{"allow":["GET"]}}],"collection":[{"href":"https:\/\/www.ludilau.com.ar\/web\/wp-json\/wp\/v2\/pages"}],"about":[{"href":"https:\/\/www.ludilau.com.ar\/web\/wp-json\/wp\/v2\/types\/page"}],"author":[{"embeddable":true,"href":"https:\/\/www.ludilau.com.ar\/web\/wp-json\/wp\/v2\/users\/1"}],"replies":[{"embeddable":true,"href":"https:\/\/www.ludilau.com.ar\/web\/wp-json\/wp\/v2\/comments?post=1572"}],"version-history":[{"count":70,"href":"https:\/\/www.ludilau.com.ar\/web\/wp-json\/wp\/v2\/pages\/1572\/revisions"}],"predecessor-version":[{"id":16401,"href":"https:\/\/www.ludilau.com.ar\/web\/wp-json\/wp\/v2\/pages\/1572\/revisions\/16401"}],"wp:featuredmedia":[{"embeddable":true,"href":"https:\/\/www.ludilau.com.ar\/web\/wp-json\/wp\/v2\/media\/16253"}],"wp:attachment":[{"href":"https:\/\/www.ludilau.com.ar\/web\/wp-json\/wp\/v2\/media?parent=1572"}],"curies":[{"name":"wp","href":"https:\/\/api.w.org\/{rel}","templated":true}]}}