{"id":2153,"date":"2014-02-23T19:12:03","date_gmt":"2014-02-23T22:12:03","guid":{"rendered":"http:\/\/ludilau.com.ar\/?page_id=2153"},"modified":"2020-04-12T18:20:39","modified_gmt":"2020-04-12T21:20:39","slug":"vivencias-compartidas","status":"publish","type":"page","link":"https:\/\/www.ludilau.com.ar\/web\/vivencias-compartidas\/","title":{"rendered":"Vivencias compartidas"},"content":{"rendered":"<blockquote><p>Qu\u00e9 hermoso lugar que armaste Lau, dejar\u00e1s una huella en cada uno de esos ni\u00f1os como la dejaste en Martina, recordamos como un lindo y constructivo momento el tiempo que fuiste su profe, y la famosa torta de los conejos de nuestras fotos nos recuerdan tambi\u00e9n la ternura y el amor que pon\u00edas cada clase, gracias por tanto, besos.&nbsp; Silvia Lere<\/p><\/blockquote>\n<p>&nbsp;<\/p>\n<blockquote><p>GRACIAS GRACIAS GRACIAS por la contenci\u00f3n y el cari\u00f1o!! Realmente nos sentimos felices de que sean parte del crecimiento y cuidado de Fede porque lo hacen con alegr\u00eda, amor y mucho mucho respeto.&nbsp;Y tambi\u00e9n&nbsp;GRACIAS por la contenci\u00f3n para Mam\u00e1 que le cuesta m\u00e1s que a Fede! jajaja<br \/>\nBesotes miles y nos vemos el viernes!&nbsp;Andre y Waly (Ma\u00f1anas con Amigos)<\/p><\/blockquote>\n<p>&nbsp;<\/p>\n<blockquote><p>Gente, mi hijo y yo lo hicimos&#8230;. Es s\u00faper recomendable!!! Encontramos un lugar para compartir con mi hijo, momentos de calidad preciosos!!! (tanto en la clase como en casa haci\u00e9ndole los masajitos).<br \/>\nEncontramos gente muy linda para conocer, y un curso que ofrece no solo t\u00e9cnicas de Shantala, sino recomendaciones de libros, m\u00fasica, y m\u00e1s!&nbsp;La profe es una dulce al igual que el resto de la gente que conocimos!<br \/>\nUn placer y gracias! Pronto volveremos para hacer otra actividad!<\/p><\/blockquote>\n<p>&nbsp;<\/p>\n<blockquote><p>GRACIAS por toda la buena onda que transmit\u00eds cada ma\u00f1ana de juegos con los chicos! Vera vuelve&nbsp;FEL\u00cdZ y cada ma\u00f1ana quiere volver a jugar con sus nuevos amigos!<br \/>\nBeso grande! Julieta (Ma\u00f1anas con Amigos)<\/p><\/blockquote>\n<p>&nbsp;<\/p>\n<blockquote><p>Les agradezco mucho por los lindos momentos compartidos, por lo aprendido y por la calidez de todas. Un beso.&nbsp;Guille y Dante (Esfero mam\u00e1 beb\u00e9)<\/p><\/blockquote>\n<p>&nbsp;<\/p>\n<blockquote><p>Recomiendo este espacio y a sus docentes. Uno de los nenes de esta foto es mi hijo (el que toca el bombo) y fue una de las mejores experiencias que hemos tenido tanto \u00e9l como sus pap\u00e1s. Los nenes disfrutan y aprenden en un ambiente cuidado y con docentes sumamente id\u00f3neos. Realmente hermoso. Muchas gracias!!! Romi (mam\u00e1 de Jere).<\/p><\/blockquote>\n<p>&nbsp;<\/p>\n<blockquote><p>Durante el embarazo las clases de esferodinamia me resultaron muy buenas, pues re\u00fane varias cosas: movilizar el cuerpo para mantenerlo activo y flexible, tomar conciencia de zonas por donde va pasar el beb\u00e9, aprender el m\u00e9todo de la emisi\u00f3n de la \u2018o\u2019, aprender el m\u00e9todo del pujo, tener un espacio de charla, todo lo que hablamos sobre lactancia me re ayudo y compartir la experiencia con otras mamas es muy satisfactorio!<\/p><\/blockquote>\n<p>&nbsp;<\/p>\n<blockquote><p>En el trabajo de parto cuando las contracciones empezaron a volverse muy dolorosas me ayudo sentarme sobre la pelota y emitir la \u2018o\u2019, de esta forma era como que parec\u00eda que fuesen menos duraderas las contracciones y mi pareja tambi\u00e9n hacia la \u2018o\u2019 conmigo, lo cual es muy lindo pues es una forma de compartir la experiencia.<\/p><\/blockquote>\n<p>&nbsp;<\/p>\n<blockquote><p>En conclusi\u00f3n el taller me pareci\u00f3 muy bueno, aprend\u00ed muchas cosas y puse en pr\u00e1ctica algunas, me quedo con una linda experiencia y una puerta abierta para seguir aprendiendo sobre el m\u00e9todo.<\/p><\/blockquote>\n<p>&nbsp;<\/p>\n<blockquote><p>Gracias por la calidez del espacio, las personas que lo llevan adelante, mis compa\u00f1eras del taller y gracias a mi profe por toda su dedicaci\u00f3n y entrega, se nota cuando alguien hace algo con cari\u00f1o!!&nbsp;Abrazo. Laila (esfero embarazadas)<\/p><\/blockquote>\n<p>&nbsp;<\/p>\n<blockquote><p>Muy lindos los momentos compartidos durante el a\u00f1o 2013 junto a la docente que es una gran persona que con su dulzura, su amor y contenci\u00f3n hizo que unas peque\u00f1itas y sus pap\u00e1s se conocieran e interactuaran cantando-bailando-jugando los s\u00e1bados de 11:45 a 13:15hs.<\/p><\/blockquote>\n<p>&nbsp;<\/p>\n<blockquote><p>Gracias al espacio, gracias a Laura, gracias a las docentes x tanto!!! Gracias tambi\u00e9n a los pap\u00e1s y nenes por compartir!!! Emma la paso genial! Verla disfrutar, creciendo d\u00eda a d\u00eda es lo m\u00e1s preciado que podemos tener nosotros sus papas en este lugar que dejo que todo fluyera. Emma, Carla y Mart\u00edn<\/p><\/blockquote>\n<p>&nbsp;<\/p>\n<blockquote><p>Gracias a ustedes por este espacio de juegos lleno de amor, alegr\u00eda y diversi\u00f3n! Brindamos con ag\u00fcita fresca y una tetona por un a\u00f1o&nbsp;nuevamente juntos! Enzo y May<\/p><\/blockquote>\n<p>&nbsp;<\/p>\n<blockquote><p>Estamos muy muy contentos con el taller de juegos, yo como mam\u00e1 porque de la primera clase a la segunda vi como Vicky empezaba a participar de las din\u00e1micas grupales y se \u00abindependizaba\u00bb de m\u00ed. Y ella porque disfruta, se r\u00ede, baila, hace caras delante del espejo, etc. Me sorprendi\u00f3 mucho el jueves pasado cuando pintaron con pincel, que aunque Vicky nunca lo hab\u00eda hecho, ten\u00eda una soltura para agarrarlo que no pod\u00eda creer.<br \/>\nUna cosa que me llama la atenci\u00f3n (para bien) es que por ah\u00ed viene corriendo y me da besos en la mitad del taller, cosa que no es super habitual. Y entiendo que me est\u00e1 diciendo \u00abgracias por traerme\u00bb. En fin, cosas de madre supongo.&nbsp;Barbara Talazac<\/p><\/blockquote>\n","protected":false},"excerpt":{"rendered":"<p>Qu\u00e9 hermoso lugar que armaste Lau, dejar\u00e1s una huella en cada uno de esos ni\u00f1os como la dejaste en Martina, recordamos como un lindo y constructivo momento el tiempo que fuiste su profe, y la famosa torta de los conejos<\/p>\n","protected":false},"author":1,"featured_media":4596,"parent":0,"menu_order":0,"comment_status":"closed","ping_status":"open","template":"","meta":{"_joinchat":[],"footnotes":""},"class_list":["post-2153","page","type-page","status-publish","has-post-thumbnail","hentry"],"yoast_head":"<!-- This site is optimized with the Yoast SEO plugin v27.1.1 - https:\/\/yoast.com\/product\/yoast-seo-wordpress\/ -->\n<title>Vivencias compartidas - Espacio Ludilau<\/title>\n<meta name=\"robots\" content=\"index, follow, max-snippet:-1, max-image-preview:large, max-video-preview:-1\" \/>\n<link rel=\"canonical\" href=\"https:\/\/www.ludilau.com.ar\/web\/vivencias-compartidas\/\" \/>\n<meta property=\"og:locale\" content=\"es_ES\" \/>\n<meta property=\"og:type\" content=\"article\" \/>\n<meta property=\"og:title\" content=\"Vivencias compartidas - Espacio Ludilau\" \/>\n<meta property=\"og:description\" content=\"Qu\u00e9 hermoso lugar que armaste Lau, dejar\u00e1s una huella en cada uno de esos ni\u00f1os como la dejaste en Martina, recordamos como un lindo y constructivo momento el tiempo que fuiste su profe, y la famosa torta de los conejos\" \/>\n<meta property=\"og:url\" content=\"https:\/\/www.ludilau.com.ar\/web\/vivencias-compartidas\/\" \/>\n<meta property=\"og:site_name\" content=\"Espacio Ludilau\" \/>\n<meta property=\"article:publisher\" content=\"https:\/\/www.facebook.com\/Ludilau\" \/>\n<meta property=\"article:modified_time\" content=\"2020-04-12T21:20:39+00:00\" \/>\n<meta property=\"og:image\" content=\"https:\/\/www.ludilau.com.ar\/web\/wp-content\/uploads\/2016\/04\/slide_gj-1.jpg\" \/>\n\t<meta property=\"og:image:width\" content=\"1200\" \/>\n\t<meta property=\"og:image:height\" content=\"440\" \/>\n\t<meta property=\"og:image:type\" content=\"image\/jpeg\" \/>\n<meta name=\"twitter:card\" content=\"summary_large_image\" \/>\n<meta name=\"twitter:site\" content=\"@espacioludilau\" \/>\n<meta name=\"twitter:label1\" content=\"Tiempo de lectura\" \/>\n\t<meta name=\"twitter:data1\" content=\"4 minutos\" \/>\n<script type=\"application\/ld+json\" class=\"yoast-schema-graph\">{\"@context\":\"https:\/\/schema.org\",\"@graph\":[{\"@type\":\"WebPage\",\"@id\":\"https:\/\/www.ludilau.com.ar\/web\/vivencias-compartidas\/\",\"url\":\"https:\/\/www.ludilau.com.ar\/web\/vivencias-compartidas\/\",\"name\":\"Vivencias compartidas - Espacio Ludilau\",\"isPartOf\":{\"@id\":\"https:\/\/www.ludilau.com.ar\/web\/#website\"},\"primaryImageOfPage\":{\"@id\":\"https:\/\/www.ludilau.com.ar\/web\/vivencias-compartidas\/#primaryimage\"},\"image\":{\"@id\":\"https:\/\/www.ludilau.com.ar\/web\/vivencias-compartidas\/#primaryimage\"},\"thumbnailUrl\":\"https:\/\/www.ludilau.com.ar\/web\/wp-content\/uploads\/2016\/04\/slide_gj-1.jpg\",\"datePublished\":\"2014-02-23T22:12:03+00:00\",\"dateModified\":\"2020-04-12T21:20:39+00:00\",\"breadcrumb\":{\"@id\":\"https:\/\/www.ludilau.com.ar\/web\/vivencias-compartidas\/#breadcrumb\"},\"inLanguage\":\"es\",\"potentialAction\":[{\"@type\":\"ReadAction\",\"target\":[\"https:\/\/www.ludilau.com.ar\/web\/vivencias-compartidas\/\"]}]},{\"@type\":\"ImageObject\",\"inLanguage\":\"es\",\"@id\":\"https:\/\/www.ludilau.com.ar\/web\/vivencias-compartidas\/#primaryimage\",\"url\":\"https:\/\/www.ludilau.com.ar\/web\/wp-content\/uploads\/2016\/04\/slide_gj-1.jpg\",\"contentUrl\":\"https:\/\/www.ludilau.com.ar\/web\/wp-content\/uploads\/2016\/04\/slide_gj-1.jpg\",\"width\":1200,\"height\":440,\"caption\":\"Grupos de Juego\"},{\"@type\":\"BreadcrumbList\",\"@id\":\"https:\/\/www.ludilau.com.ar\/web\/vivencias-compartidas\/#breadcrumb\",\"itemListElement\":[{\"@type\":\"ListItem\",\"position\":1,\"name\":\"Portada\",\"item\":\"https:\/\/www.ludilau.com.ar\/web\/\"},{\"@type\":\"ListItem\",\"position\":2,\"name\":\"Vivencias compartidas\"}]},{\"@type\":\"WebSite\",\"@id\":\"https:\/\/www.ludilau.com.ar\/web\/#website\",\"url\":\"https:\/\/www.ludilau.com.ar\/web\/\",\"name\":\"Espacio Ludilau\",\"description\":\"Acompa\u00f1amos a las Familias desde el juego, la m\u00fasica, el masaje, la crianza, el movimiento y la socializaci\u00f3n durante los primeros a\u00f1os de la mapaternidad.\",\"potentialAction\":[{\"@type\":\"SearchAction\",\"target\":{\"@type\":\"EntryPoint\",\"urlTemplate\":\"https:\/\/www.ludilau.com.ar\/web\/?s={search_term_string}\"},\"query-input\":{\"@type\":\"PropertyValueSpecification\",\"valueRequired\":true,\"valueName\":\"search_term_string\"}}],\"inLanguage\":\"es\"}]}<\/script>\n<!-- \/ Yoast SEO plugin. -->","yoast_head_json":{"title":"Vivencias compartidas - Espacio Ludilau","robots":{"index":"index","follow":"follow","max-snippet":"max-snippet:-1","max-image-preview":"max-image-preview:large","max-video-preview":"max-video-preview:-1"},"canonical":"https:\/\/www.ludilau.com.ar\/web\/vivencias-compartidas\/","og_locale":"es_ES","og_type":"article","og_title":"Vivencias compartidas - Espacio Ludilau","og_description":"Qu\u00e9 hermoso lugar que armaste Lau, dejar\u00e1s una huella en cada uno de esos ni\u00f1os como la dejaste en Martina, recordamos como un lindo y constructivo momento el tiempo que fuiste su profe, y la famosa torta de los conejos","og_url":"https:\/\/www.ludilau.com.ar\/web\/vivencias-compartidas\/","og_site_name":"Espacio Ludilau","article_publisher":"https:\/\/www.facebook.com\/Ludilau","article_modified_time":"2020-04-12T21:20:39+00:00","og_image":[{"width":1200,"height":440,"url":"https:\/\/www.ludilau.com.ar\/web\/wp-content\/uploads\/2016\/04\/slide_gj-1.jpg","type":"image\/jpeg"}],"twitter_card":"summary_large_image","twitter_site":"@espacioludilau","twitter_misc":{"Tiempo de lectura":"4 minutos"},"schema":{"@context":"https:\/\/schema.org","@graph":[{"@type":"WebPage","@id":"https:\/\/www.ludilau.com.ar\/web\/vivencias-compartidas\/","url":"https:\/\/www.ludilau.com.ar\/web\/vivencias-compartidas\/","name":"Vivencias compartidas - Espacio Ludilau","isPartOf":{"@id":"https:\/\/www.ludilau.com.ar\/web\/#website"},"primaryImageOfPage":{"@id":"https:\/\/www.ludilau.com.ar\/web\/vivencias-compartidas\/#primaryimage"},"image":{"@id":"https:\/\/www.ludilau.com.ar\/web\/vivencias-compartidas\/#primaryimage"},"thumbnailUrl":"https:\/\/www.ludilau.com.ar\/web\/wp-content\/uploads\/2016\/04\/slide_gj-1.jpg","datePublished":"2014-02-23T22:12:03+00:00","dateModified":"2020-04-12T21:20:39+00:00","breadcrumb":{"@id":"https:\/\/www.ludilau.com.ar\/web\/vivencias-compartidas\/#breadcrumb"},"inLanguage":"es","potentialAction":[{"@type":"ReadAction","target":["https:\/\/www.ludilau.com.ar\/web\/vivencias-compartidas\/"]}]},{"@type":"ImageObject","inLanguage":"es","@id":"https:\/\/www.ludilau.com.ar\/web\/vivencias-compartidas\/#primaryimage","url":"https:\/\/www.ludilau.com.ar\/web\/wp-content\/uploads\/2016\/04\/slide_gj-1.jpg","contentUrl":"https:\/\/www.ludilau.com.ar\/web\/wp-content\/uploads\/2016\/04\/slide_gj-1.jpg","width":1200,"height":440,"caption":"Grupos de Juego"},{"@type":"BreadcrumbList","@id":"https:\/\/www.ludilau.com.ar\/web\/vivencias-compartidas\/#breadcrumb","itemListElement":[{"@type":"ListItem","position":1,"name":"Portada","item":"https:\/\/www.ludilau.com.ar\/web\/"},{"@type":"ListItem","position":2,"name":"Vivencias compartidas"}]},{"@type":"WebSite","@id":"https:\/\/www.ludilau.com.ar\/web\/#website","url":"https:\/\/www.ludilau.com.ar\/web\/","name":"Espacio Ludilau","description":"Acompa\u00f1amos a las Familias desde el juego, la m\u00fasica, el masaje, la crianza, el movimiento y la socializaci\u00f3n durante los primeros a\u00f1os de la mapaternidad.","potentialAction":[{"@type":"SearchAction","target":{"@type":"EntryPoint","urlTemplate":"https:\/\/www.ludilau.com.ar\/web\/?s={search_term_string}"},"query-input":{"@type":"PropertyValueSpecification","valueRequired":true,"valueName":"search_term_string"}}],"inLanguage":"es"}]}},"_links":{"self":[{"href":"https:\/\/www.ludilau.com.ar\/web\/wp-json\/wp\/v2\/pages\/2153","targetHints":{"allow":["GET"]}}],"collection":[{"href":"https:\/\/www.ludilau.com.ar\/web\/wp-json\/wp\/v2\/pages"}],"about":[{"href":"https:\/\/www.ludilau.com.ar\/web\/wp-json\/wp\/v2\/types\/page"}],"author":[{"embeddable":true,"href":"https:\/\/www.ludilau.com.ar\/web\/wp-json\/wp\/v2\/users\/1"}],"replies":[{"embeddable":true,"href":"https:\/\/www.ludilau.com.ar\/web\/wp-json\/wp\/v2\/comments?post=2153"}],"version-history":[{"count":4,"href":"https:\/\/www.ludilau.com.ar\/web\/wp-json\/wp\/v2\/pages\/2153\/revisions"}],"predecessor-version":[{"id":11306,"href":"https:\/\/www.ludilau.com.ar\/web\/wp-json\/wp\/v2\/pages\/2153\/revisions\/11306"}],"wp:featuredmedia":[{"embeddable":true,"href":"https:\/\/www.ludilau.com.ar\/web\/wp-json\/wp\/v2\/media\/4596"}],"wp:attachment":[{"href":"https:\/\/www.ludilau.com.ar\/web\/wp-json\/wp\/v2\/media?parent=2153"}],"curies":[{"name":"wp","href":"https:\/\/api.w.org\/{rel}","templated":true}]}}