{"id":48,"date":"2010-11-06T20:00:30","date_gmt":"2010-11-06T23:00:30","guid":{"rendered":"http:\/\/ludilau.com.ar\/?page_id=48"},"modified":"2022-11-03T15:09:06","modified_gmt":"2022-11-03T18:09:06","slug":"mamas-y-bebes","status":"publish","type":"page","link":"https:\/\/www.ludilau.com.ar\/web\/","title":{"rendered":""},"content":{"rendered":"<p>&nbsp;<\/p>\n<table style=\"width: 704px;\" border=\"0\" cellspacing=\"0\" cellpadding=\"5\">\n<tbody>\n<tr>\n<td colspan=\"3\" valign=\"top\">\n<p style=\"text-align: center;\">[huge_it_slider id=\u00bb1&#8243;]<\/p>\n<p style=\"text-align: center;\">&nbsp;<\/p>\n<\/td>\n<\/tr>\n<tr>\n<td colspan=\"3\" valign=\"top\">\n<h3><span style=\"color: #ff6600;\">Nuestras Actividades<\/span><\/h3>\n<hr>\n<\/td>\n<\/tr>\n<tr>\n<td valign=\"top\">\n<h2>Masaje para Beb\u00e9s (SHANTALA)<\/h2>\n<\/td>\n<td valign=\"top\">&nbsp;<\/td>\n<td valign=\"top\">\n<h2>Grupos de juego de pap\u00e1s con beb\u00e9s<\/h2>\n<\/td>\n<\/tr>\n<tr>\n<td valign=\"top\"><img loading=\"lazy\" decoding=\"async\" style=\"padding: 4px; border: 1px solid #CCC;\" src=\"https:\/\/www.ludilau.com.ar\/web\/wp-content\/uploads\/2013\/02\/home_shantala.jpg\" alt=\"\" width=\"340\" height=\"141\"><\/td>\n<td valign=\"top\">&nbsp;<\/td>\n<td valign=\"top\"><img loading=\"lazy\" decoding=\"async\" style=\"padding: 4px; border: 1px solid #CCC;\" src=\"https:\/\/www.ludilau.com.ar\/web\/wp-content\/uploads\/2013\/02\/grupodejuegos.jpg\" alt=\"\" width=\"340\" height=\"141\"><\/td>\n<\/tr>\n<tr>\n<td valign=\"top\">Un momento especial e \u00edntimo con tu beb\u00e9.<br \/>\nDesde el mes hasta la edad de gateo!<br \/>\nTalleres grupales.<br \/>\n5 encuentros de 1 hr. y media<br \/>\n+ 1 encuentro sobre Lactancia y sus Mitos<br \/>\nHay caricias que llegan y quedan para siempre!! <a href=\"https:\/\/www.ludilau.com.ar\/web\/talleres-de-masaje\/\"><strong><br \/>\nM\u00e1s informaci\u00f3n<\/strong><\/a><\/td>\n<td valign=\"top\">&nbsp;<\/td>\n<td valign=\"top\">Un momento de placer, exploraci\u00f3n y aprendizaje con tu hijo y otras familias. A trav\u00e9s del juego se disfruta de la m\u00fasica, pl\u00e1stica, literatura,&nbsp;destreza corporal,&nbsp;estimulaci\u00f3n de los sentidos&#8230;<br \/>\nBeb\u00e9s de 3 meses a 3 a\u00f1os. Divididos por edades. <a href=\"https:\/\/www.ludilau.com.ar\/web\/grupos-de-juego-papas-bebes\/\"><strong>M\u00e1s informaci\u00f3n<\/strong><\/a><\/td>\n<\/tr>\n<tr>\n<td valign=\"top\" width=\"310\">\n<h2>M\u00fasica y Movimiento con mam\u00e1, pap\u00e1 ( T\u00edo o abuelo)<\/h2>\n<\/td>\n<td valign=\"top\" width=\"24\">&nbsp;<\/td>\n<td valign=\"top\" width=\"310\">\n<h2>Esferodinamia para Mam\u00e1s y Beb\u00e9s!<\/h2>\n<\/td>\n<\/tr>\n<tr>\n<td valign=\"top\"><img loading=\"lazy\" decoding=\"async\" style=\"padding: 4px; border: 1px solid #CCC;\" src=\"https:\/\/www.ludilau.com.ar\/web\/wp-content\/uploads\/2013\/02\/talle_papamama.jpg\" alt=\"\" width=\"340\" height=\"141\"><\/td>\n<td valign=\"top\">&nbsp;<\/td>\n<td valign=\"top\"><img loading=\"lazy\" decoding=\"async\" style=\"padding: 4px; border: 1px solid #CCC;\" src=\"https:\/\/www.ludilau.com.ar\/web\/wp-content\/uploads\/2013\/03\/home01.jpg\" alt=\"\" width=\"340\" height=\"141\"><\/td>\n<\/tr>\n<tr>\n<td valign=\"top\">Un encuentro musical para compartir con tu hijo y otras familias! Estimulamos la exploraci\u00f3n, socializaci\u00f3n, expresividad y aprendizaje&#8230;<br \/>\nBeb\u00e9s de 6 meses hasta 4 a\u00f1os. Divididos por edades!! <a href=\"https:\/\/www.ludilau.com.ar\/musica-movimiento-con-papa-y-mama-abuelo-o-tio\/\"><strong>M\u00e1s informaci\u00f3n<\/strong><\/a><\/td>\n<td valign=\"top\">&nbsp;<\/td>\n<td valign=\"top\"><em>Sumar los beneficios de la esferodinamia al juego compartido con tu bebe y otras d\u00edadas&#8230; <\/em>Beb\u00e9s de 2 a 7 meses <a style=\"line-height: 19px;\" href=\"https:\/\/www.ludilau.com.ar\/esferodinamia-para-mamas-y-bebes\/\"> <strong>M\u00e1s informaci\u00f3n<\/strong><\/a><\/td>\n<\/tr>\n<tr>\n<td valign=\"top\">&nbsp;<\/td>\n<td valign=\"top\">&nbsp;<\/td>\n<td valign=\"top\">&nbsp;<\/td>\n<\/tr>\n<tr>\n<td valign=\"top\">\n<h2>Iniciaci\u00f3n Musical para Ni\u00f1os<\/h2>\n<\/td>\n<td valign=\"top\">&nbsp;<\/td>\n<td valign=\"top\">\n<h2>Actividades para Beb\u00e9s y mam\u00e1s<\/h2>\n<\/td>\n<\/tr>\n<tr>\n<td valign=\"top\"><img loading=\"lazy\" decoding=\"async\" style=\"padding: 4px; border: 1px solid #CCC;\" src=\"https:\/\/www.ludilau.com.ar\/web\/wp-content\/uploads\/2013\/02\/musical.jpg\" alt=\"\" width=\"340\" height=\"141\"><\/td>\n<td valign=\"top\">&nbsp;<\/td>\n<td valign=\"top\"><img loading=\"lazy\" decoding=\"async\" style=\"padding: 4px; border: 1px solid #CCC;\" src=\"https:\/\/www.ludilau.com.ar\/web\/wp-content\/uploads\/2015\/03\/danza-1.jpg\" alt=\"\" width=\"340\" height=\"141\"><\/td>\n<\/tr>\n<tr>\n<td valign=\"top\"><span style=\"line-height: 19px;\">Escuchamos, interpretamos y hasta componemos&#8230;<\/span> bailes, rondas y juegos de coordinaci\u00f3n.<br \/>\nEstimula el juego<span style=\"line-height: 19px;\">,la socializaci\u00f3n, la expresividad&#8230;.<br \/>\n<\/span><span style=\"line-height: 19px;\">Ni\u00f1os de 3 a 5 a\u00f1os &#8211; Divididos por edades.<br \/>\n<\/span><a style=\"line-height: 19px;\" href=\"https:\/\/www.ludilau.com.ar\/web\/iniciacion-musical-para-ninos\/\"><strong>M\u00e1s informaci\u00f3n<\/strong><\/a><\/td>\n<td valign=\"top\">&nbsp;<\/td>\n<td valign=\"top\"><span style=\"line-height: 19px;\">A trav\u00e9s del juego, la improvisaci\u00f3n y la creatividad&#8230;<br \/>\nUtilizando cuentos, sonidos y m\u00fasicas diversas como disparadores del movimiento.<br \/>\nNi\u00f1os de 3 a 6 a\u00f1os &#8211; Divididos por edades<br \/>\n<a style=\"line-height: 19px;\" href=\"https:\/\/www.ludilau.com.ar\/web\/expresion-corporal-e-iniciacion-a-la-danza\/\"><strong>M\u00e1s informaci\u00f3n<\/strong><\/a><\/span><\/td>\n<\/tr>\n<tr>\n<td valign=\"top\">&nbsp;<\/td>\n<td valign=\"top\">&nbsp;<\/td>\n<td valign=\"top\">&nbsp;<\/td>\n<\/tr>\n<tr>\n<td valign=\"top\">\n<h2>Esferodinamia para Embarazadas<\/h2>\n<\/td>\n<td valign=\"top\">&nbsp;<\/td>\n<td valign=\"top\">\n<h2>Encuentros de Crianza Abiertos (ECA)<\/h2>\n<\/td>\n<\/tr>\n<tr>\n<td valign=\"top\"><img loading=\"lazy\" decoding=\"async\" class=\"alignnone size-full wp-image-4111\" style=\"padding: 4px; border: 1px solid #CCC;\" src=\"https:\/\/www.ludilau.com.ar\/web\/wp-content\/uploads\/2010\/11\/Esfero-Embarazadas-Home.jpg\" alt=\"Esfero Embarazadas -Home\" width=\"340\" height=\"144\" srcset=\"https:\/\/www.ludilau.com.ar\/web\/wp-content\/uploads\/2010\/11\/Esfero-Embarazadas-Home.jpg 340w, https:\/\/www.ludilau.com.ar\/web\/wp-content\/uploads\/2010\/11\/Esfero-Embarazadas-Home-300x127.jpg 300w\" sizes=\"auto, (max-width: 340px) 100vw, 340px\" \/><\/td>\n<td valign=\"top\">&nbsp;<\/td>\n<td valign=\"top\"><img loading=\"lazy\" decoding=\"async\" class=\"alignnone size-full wp-image-4111\" style=\"padding: 4px; border: 1px solid #CCC;\" src=\"https:\/\/www.ludilau.com.ar\/web\/wp-content\/uploads\/2015\/03\/limites.jpg\" alt=\"Encuentros de Crianza Abiertos (ECA)\" width=\"340\" height=\"144\"><\/td>\n<\/tr>\n<tr>\n<td valign=\"top\"><em>&#8230;ejercicios, posturas, din\u00e1micas de movimiento, masajes&#8230;<\/em> en un espacio c\u00e1lido y personalizado.&nbsp;Grupos reducidos<br \/>\nViernes de 18:30 a 20:00 hs, lunes 9:30 a 11 hs<br \/>\n<a href=\"https:\/\/www.ludilau.com.ar\/web\/esferodinamia-para-embarazadas\/\"> <strong>M\u00e1s informaci\u00f3n<\/strong><\/a><\/td>\n<td valign=\"top\">&nbsp;<\/td>\n<td valign=\"top\">\n<div>Un espacio pensado para compartir experiencias, preocupaciones, despejar dudas,&#8230; Coordinado por<br \/>\nLic. Alejandra Libenson. Especialista en Educaci\u00f3n, Crianza y V\u00ednculos<\/div>\n<p><a style=\"line-height: 19px;\" href=\"http:\/\/www.ludilau.com.ar\/encuentros-de-crianza-alejandra-libenson\/\"><strong>M\u00e1s informaci\u00f3n<\/strong><\/a><\/td>\n<\/tr>\n<\/tbody>\n<\/table>\n","protected":false},"excerpt":{"rendered":"<p>&nbsp; [huge_it_slider id=\u00bb1&#8243;] &nbsp; Nuestras Actividades Masaje para Beb\u00e9s (SHANTALA) &nbsp; Grupos de juego de pap\u00e1s con beb\u00e9s &nbsp; Un momento especial e \u00edntimo con tu beb\u00e9. Desde el mes hasta la edad de gateo! Talleres grupales. 5 encuentros de<\/p>\n","protected":false},"author":1,"featured_media":0,"parent":0,"menu_order":0,"comment_status":"closed","ping_status":"open","template":"page-templates\/business.php","meta":{"_joinchat":[],"footnotes":""},"class_list":["post-48","page","type-page","status-publish","hentry"],"yoast_head":"<!-- This site is optimized with the Yoast SEO plugin v27.1.1 - https:\/\/yoast.com\/product\/yoast-seo-wordpress\/ -->\n<title>Actividades para beb\u00e9s y mam\u00e1s - Espacio Ludilau<\/title>\n<meta name=\"description\" content=\"Actividades para mam\u00e1s con beb\u00e9s desde el mes hasta los 3 a\u00f1os. A trav\u00e9s del juego y la m\u00fasica ponemos el foco en el v\u00ednculo y la crianza.\" \/>\n<meta name=\"robots\" content=\"index, follow, max-snippet:-1, max-image-preview:large, max-video-preview:-1\" \/>\n<link rel=\"canonical\" href=\"https:\/\/www.ludilau.com.ar\/web\/\" \/>\n<meta property=\"og:locale\" content=\"es_ES\" \/>\n<meta property=\"og:type\" content=\"article\" \/>\n<meta property=\"og:title\" content=\"Actividades para beb\u00e9s y mam\u00e1s - Espacio Ludilau\" \/>\n<meta property=\"og:description\" content=\"Actividades para mam\u00e1s con beb\u00e9s desde el mes hasta los 3 a\u00f1os. A trav\u00e9s del juego y la m\u00fasica ponemos el foco en el v\u00ednculo y la crianza.\" \/>\n<meta property=\"og:url\" content=\"https:\/\/www.ludilau.com.ar\/web\/\" \/>\n<meta property=\"og:site_name\" content=\"Espacio Ludilau\" \/>\n<meta property=\"article:publisher\" content=\"https:\/\/www.facebook.com\/Ludilau\" \/>\n<meta property=\"article:modified_time\" content=\"2022-11-03T18:09:06+00:00\" \/>\n<meta property=\"og:image\" content=\"https:\/\/www.ludilau.com.ar\/web\/wp-content\/uploads\/2013\/02\/home_shantala.jpg\" \/>\n<meta name=\"twitter:card\" content=\"summary_large_image\" \/>\n<meta name=\"twitter:site\" content=\"@espacioludilau\" \/>\n<meta name=\"twitter:label1\" content=\"Tiempo de lectura\" \/>\n\t<meta name=\"twitter:data1\" content=\"3 minutos\" \/>\n<script type=\"application\/ld+json\" class=\"yoast-schema-graph\">{\"@context\":\"https:\/\/schema.org\",\"@graph\":[{\"@type\":\"WebPage\",\"@id\":\"https:\/\/www.ludilau.com.ar\/web\/\",\"url\":\"https:\/\/www.ludilau.com.ar\/web\/\",\"name\":\"Actividades para beb\u00e9s y mam\u00e1s - Espacio Ludilau\",\"isPartOf\":{\"@id\":\"https:\/\/www.ludilau.com.ar\/web\/#website\"},\"primaryImageOfPage\":{\"@id\":\"https:\/\/www.ludilau.com.ar\/web\/#primaryimage\"},\"image\":{\"@id\":\"https:\/\/www.ludilau.com.ar\/web\/#primaryimage\"},\"thumbnailUrl\":\"https:\/\/www.ludilau.com.ar\/web\/wp-content\/uploads\/2013\/02\/home_shantala.jpg\",\"datePublished\":\"2010-11-06T23:00:30+00:00\",\"dateModified\":\"2022-11-03T18:09:06+00:00\",\"description\":\"Actividades para mam\u00e1s con beb\u00e9s desde el mes hasta los 3 a\u00f1os. A trav\u00e9s del juego y la m\u00fasica ponemos el foco en el v\u00ednculo y la crianza.\",\"inLanguage\":\"es\",\"potentialAction\":[{\"@type\":\"ReadAction\",\"target\":[\"https:\/\/www.ludilau.com.ar\/web\/\"]}]},{\"@type\":\"ImageObject\",\"inLanguage\":\"es\",\"@id\":\"https:\/\/www.ludilau.com.ar\/web\/#primaryimage\",\"url\":\"https:\/\/www.ludilau.com.ar\/web\/wp-content\/uploads\/2013\/02\/home_shantala.jpg\",\"contentUrl\":\"https:\/\/www.ludilau.com.ar\/web\/wp-content\/uploads\/2013\/02\/home_shantala.jpg\",\"width\":360,\"height\":150,\"caption\":\"Masaje para Beb\u00e9s (SHANTALA)\"},{\"@type\":\"WebSite\",\"@id\":\"https:\/\/www.ludilau.com.ar\/web\/#website\",\"url\":\"https:\/\/www.ludilau.com.ar\/web\/\",\"name\":\"Espacio Ludilau\",\"description\":\"Acompa\u00f1amos a las Familias desde el juego, la m\u00fasica, el masaje, la crianza, el movimiento y la socializaci\u00f3n durante los primeros a\u00f1os de la mapaternidad.\",\"potentialAction\":[{\"@type\":\"SearchAction\",\"target\":{\"@type\":\"EntryPoint\",\"urlTemplate\":\"https:\/\/www.ludilau.com.ar\/web\/?s={search_term_string}\"},\"query-input\":{\"@type\":\"PropertyValueSpecification\",\"valueRequired\":true,\"valueName\":\"search_term_string\"}}],\"inLanguage\":\"es\"}]}<\/script>\n<!-- \/ Yoast SEO plugin. -->","yoast_head_json":{"title":"Actividades para beb\u00e9s y mam\u00e1s - Espacio Ludilau","description":"Actividades para mam\u00e1s con beb\u00e9s desde el mes hasta los 3 a\u00f1os. A trav\u00e9s del juego y la m\u00fasica ponemos el foco en el v\u00ednculo y la crianza.","robots":{"index":"index","follow":"follow","max-snippet":"max-snippet:-1","max-image-preview":"max-image-preview:large","max-video-preview":"max-video-preview:-1"},"canonical":"https:\/\/www.ludilau.com.ar\/web\/","og_locale":"es_ES","og_type":"article","og_title":"Actividades para beb\u00e9s y mam\u00e1s - Espacio Ludilau","og_description":"Actividades para mam\u00e1s con beb\u00e9s desde el mes hasta los 3 a\u00f1os. A trav\u00e9s del juego y la m\u00fasica ponemos el foco en el v\u00ednculo y la crianza.","og_url":"https:\/\/www.ludilau.com.ar\/web\/","og_site_name":"Espacio Ludilau","article_publisher":"https:\/\/www.facebook.com\/Ludilau","article_modified_time":"2022-11-03T18:09:06+00:00","og_image":[{"url":"https:\/\/www.ludilau.com.ar\/web\/wp-content\/uploads\/2013\/02\/home_shantala.jpg","type":"","width":"","height":""}],"twitter_card":"summary_large_image","twitter_site":"@espacioludilau","twitter_misc":{"Tiempo de lectura":"3 minutos"},"schema":{"@context":"https:\/\/schema.org","@graph":[{"@type":"WebPage","@id":"https:\/\/www.ludilau.com.ar\/web\/","url":"https:\/\/www.ludilau.com.ar\/web\/","name":"Actividades para beb\u00e9s y mam\u00e1s - Espacio Ludilau","isPartOf":{"@id":"https:\/\/www.ludilau.com.ar\/web\/#website"},"primaryImageOfPage":{"@id":"https:\/\/www.ludilau.com.ar\/web\/#primaryimage"},"image":{"@id":"https:\/\/www.ludilau.com.ar\/web\/#primaryimage"},"thumbnailUrl":"https:\/\/www.ludilau.com.ar\/web\/wp-content\/uploads\/2013\/02\/home_shantala.jpg","datePublished":"2010-11-06T23:00:30+00:00","dateModified":"2022-11-03T18:09:06+00:00","description":"Actividades para mam\u00e1s con beb\u00e9s desde el mes hasta los 3 a\u00f1os. A trav\u00e9s del juego y la m\u00fasica ponemos el foco en el v\u00ednculo y la crianza.","inLanguage":"es","potentialAction":[{"@type":"ReadAction","target":["https:\/\/www.ludilau.com.ar\/web\/"]}]},{"@type":"ImageObject","inLanguage":"es","@id":"https:\/\/www.ludilau.com.ar\/web\/#primaryimage","url":"https:\/\/www.ludilau.com.ar\/web\/wp-content\/uploads\/2013\/02\/home_shantala.jpg","contentUrl":"https:\/\/www.ludilau.com.ar\/web\/wp-content\/uploads\/2013\/02\/home_shantala.jpg","width":360,"height":150,"caption":"Masaje para Beb\u00e9s (SHANTALA)"},{"@type":"WebSite","@id":"https:\/\/www.ludilau.com.ar\/web\/#website","url":"https:\/\/www.ludilau.com.ar\/web\/","name":"Espacio Ludilau","description":"Acompa\u00f1amos a las Familias desde el juego, la m\u00fasica, el masaje, la crianza, el movimiento y la socializaci\u00f3n durante los primeros a\u00f1os de la mapaternidad.","potentialAction":[{"@type":"SearchAction","target":{"@type":"EntryPoint","urlTemplate":"https:\/\/www.ludilau.com.ar\/web\/?s={search_term_string}"},"query-input":{"@type":"PropertyValueSpecification","valueRequired":true,"valueName":"search_term_string"}}],"inLanguage":"es"}]}},"_links":{"self":[{"href":"https:\/\/www.ludilau.com.ar\/web\/wp-json\/wp\/v2\/pages\/48","targetHints":{"allow":["GET"]}}],"collection":[{"href":"https:\/\/www.ludilau.com.ar\/web\/wp-json\/wp\/v2\/pages"}],"about":[{"href":"https:\/\/www.ludilau.com.ar\/web\/wp-json\/wp\/v2\/types\/page"}],"author":[{"embeddable":true,"href":"https:\/\/www.ludilau.com.ar\/web\/wp-json\/wp\/v2\/users\/1"}],"replies":[{"embeddable":true,"href":"https:\/\/www.ludilau.com.ar\/web\/wp-json\/wp\/v2\/comments?post=48"}],"version-history":[{"count":4,"href":"https:\/\/www.ludilau.com.ar\/web\/wp-json\/wp\/v2\/pages\/48\/revisions"}],"predecessor-version":[{"id":15130,"href":"https:\/\/www.ludilau.com.ar\/web\/wp-json\/wp\/v2\/pages\/48\/revisions\/15130"}],"wp:attachment":[{"href":"https:\/\/www.ludilau.com.ar\/web\/wp-json\/wp\/v2\/media?parent=48"}],"curies":[{"name":"wp","href":"https:\/\/api.w.org\/{rel}","templated":true}]}}