{"id":9291,"date":"2019-04-22T20:17:13","date_gmt":"2019-04-22T20:17:13","guid":{"rendered":"https:\/\/www.ludilau.com.ar\/web\/?page_id=9291"},"modified":"2019-06-06T07:11:24","modified_gmt":"2019-06-06T10:11:24","slug":"teatro-para-bebes-cartelera-buenos-aires","status":"publish","type":"page","link":"https:\/\/www.ludilau.com.ar\/web\/teatro-para-bebes-cartelera-buenos-aires\/","title":{"rendered":"Teatro para beb\u00e9s &#8211; Cartelera"},"content":{"rendered":"<p><strong>C<\/strong><strong>ompa\u00f1\u00eda Coco Liso y Espacio Ludilau<\/strong><\/p>\n<p>PRESENTAN&#8230;<\/p>\n<p><strong>OLAS DE PAPEL<\/strong><\/p>\n<p>Beb\u00e9s de 6 a 36 meses<\/p>\n<div><span style=\"color: #ff0000;\"><b>S\u00e1bado 29 de Junio de 2019<br \/><span style=\"color: #339966;\">Funci\u00f3n: 16:00<\/span><\/b><\/span><b><span style=\"color: #339966;\"> hs.<\/span><br \/><span style=\"color: #339966;\">Funci\u00f3n: 17:30 hs.<\/span><br \/><\/b><\/div>\n<div>&nbsp;<\/div>\n<div>Para asegurar tu lugar es necesario que abones tus entradas, estamos de Lunes a Viernes de 14 hs. a 19 hs.&nbsp;<\/div>\n<div><b>Direcci\u00f3n: Palestina 1167 &#8211; Palermo.<\/b><\/div>\n<p><strong>SINOPSIS<\/strong><\/p>\n<p>Dos actrices emprenden una aventura al mar. Descubren sonidos, colores y nuevas sensaciones que las adentran en ese universo m\u00e1gico y desconocido. Mariposas, p\u00e1jaros y serpientes las acompa\u00f1an hasta llegar a la orilla. Entre canciones y melod\u00edas compartidas anochece. La luz de la luna ti\u00f1e los colores con un nuevo brillo despertando el juego que invita la noche.<\/p>\n<p>La obra dura 30 minutos y al terminar la experiencia est\u00e9tica, los ni\u00f1os pueden interactuar con las actrices y con la escenograf\u00eda de la obra. <\/p>\n<p><strong>ENTRADAS<\/strong><br \/>&#8211; General: $ 300<br \/>&#8211; Beb\u00e9 + 1 Adulte: $ 550<br \/>&#8211; Beb\u00e9 + 2 Adultes: $ $ 800<\/p>\n<figure id=\"attachment_9594\" aria-describedby=\"caption-attachment-9594\" style=\"width: 736px\" class=\"wp-caption alignleft\"><img loading=\"lazy\" decoding=\"async\" class=\"size-full wp-image-9594\" src=\"https:\/\/www.ludilau.com.ar\/web\/wp-content\/uploads\/2019\/06\/olas-de-papel-2019.jpg\" alt=\"\" width=\"736\" height=\"979\" srcset=\"https:\/\/www.ludilau.com.ar\/web\/wp-content\/uploads\/2019\/06\/olas-de-papel-2019.jpg 736w, https:\/\/www.ludilau.com.ar\/web\/wp-content\/uploads\/2019\/06\/olas-de-papel-2019-226x300.jpg 226w\" sizes=\"auto, (max-width: 736px) 100vw, 736px\" \/><figcaption id=\"caption-attachment-9594\" class=\"wp-caption-text\">Teatro para Beb\u00e9s: Olas de Papel 2019 en Ludilau<\/figcaption><\/figure>\n<p><strong>C<\/strong><strong>ompa\u00f1\u00eda&nbsp;La Lupe y Espacio Ludilau<\/strong><\/p>\n<p>PRESENTAN&#8230;<\/p>\n<p><strong>MAMULEQUEQUES<\/strong><\/p>\n<p>Beb\u00e9s de 6 a 36 meses<\/p>\n<div><span style=\"color: #ff0000;\"><b>S\u00e1bado 25 de Mayo de 2019<br \/>Funci\u00f3n: 16:00<\/b><\/span><b><span style=\"color: #ff0000;\"> hs. &#8211; Agotada!<\/span><br \/><span style=\"color: #ff0000;\">Funci\u00f3n: 17:30 hs. &#8211; Agotada!<\/span><br \/><\/b><\/div>\n<div>&nbsp;<\/div>\n<div>Para asegurar tu lugar es necesario que abones en el Espacio esta semana en efectivo, estamos de Lunes a Viernes de 14 hs. a 19 hs.&nbsp;<\/div>\n<div><b>Direcci\u00f3n: Palestina 1167 &#8211; Palermo.<\/b><\/div>\n<p><strong>SINOPSIS<\/strong><\/p>\n<p>Esconder, poner, sacar, armar, desarmar, buscar, encontrar, acumular son algunas de las acciones que se disparan.<br \/><strong>Mamulequeques<\/strong>&nbsp;es una obra teatral y a la vez un espacio de juego donde los nin\u0303os acompan\u0303ados de su familia, interactu\u0301an con la obra habita\u0301ndola, interviniendo y jugando dentro de ella.<\/p>\n<p>Hay dos momentos, uno esce\u0301nico donde los personajes se presentan ante el p\u00fablico y otro donde las familias se vuelven activas y parte de la obra jugando con los objetos.<\/p>\n<p>Esta es una obra que promueve y celebra el tiempo de juego en familia y el encuentro lu\u0301dico entre las personas.<\/p>\n<figure id=\"attachment_9292\" aria-describedby=\"caption-attachment-9292\" style=\"width: 700px\" class=\"wp-caption aligncenter\"><img loading=\"lazy\" decoding=\"async\" class=\"size-full wp-image-9292\" src=\"https:\/\/www.ludilau.com.ar\/web\/wp-content\/uploads\/2019\/04\/afiche-mamu-web.jpg\" alt=\"\" width=\"700\" height=\"990\" srcset=\"https:\/\/www.ludilau.com.ar\/web\/wp-content\/uploads\/2019\/04\/afiche-mamu-web.jpg 700w, https:\/\/www.ludilau.com.ar\/web\/wp-content\/uploads\/2019\/04\/afiche-mamu-web-212x300.jpg 212w\" sizes=\"auto, (max-width: 700px) 100vw, 700px\" \/><figcaption id=\"caption-attachment-9292\" class=\"wp-caption-text\">Teatro para beb\u00e9s &#8211; Mamulequeques<\/figcaption><\/figure>\n<p>&nbsp;<\/p>\n","protected":false},"excerpt":{"rendered":"<p>Compa\u00f1\u00eda Coco Liso y Espacio Ludilau PRESENTAN&#8230; OLAS DE PAPEL Beb\u00e9s de 6 a 36 meses S\u00e1bado 29 de Junio de 2019Funci\u00f3n: 16:00 hs.Funci\u00f3n: 17:30 hs. &nbsp; Para asegurar tu lugar es necesario que abones tus entradas, estamos de Lunes<\/p>\n","protected":false},"author":1,"featured_media":0,"parent":0,"menu_order":0,"comment_status":"closed","ping_status":"closed","template":"","meta":{"_joinchat":[],"footnotes":""},"class_list":["post-9291","page","type-page","status-publish","hentry"],"yoast_head":"<!-- This site is optimized with the Yoast SEO plugin v27.1.1 - https:\/\/yoast.com\/product\/yoast-seo-wordpress\/ -->\n<title>Teatro para beb\u00e9s - Cartelera - Espacio Ludilau<\/title>\n<meta name=\"robots\" content=\"index, follow, max-snippet:-1, max-image-preview:large, max-video-preview:-1\" \/>\n<link rel=\"canonical\" href=\"https:\/\/www.ludilau.com.ar\/web\/teatro-para-bebes-cartelera-buenos-aires\/\" \/>\n<meta property=\"og:locale\" content=\"es_ES\" \/>\n<meta property=\"og:type\" content=\"article\" \/>\n<meta property=\"og:title\" content=\"Teatro para beb\u00e9s - Cartelera - Espacio Ludilau\" \/>\n<meta property=\"og:description\" content=\"Compa\u00f1\u00eda Coco Liso y Espacio Ludilau PRESENTAN&#8230; OLAS DE PAPEL Beb\u00e9s de 6 a 36 meses S\u00e1bado 29 de Junio de 2019Funci\u00f3n: 16:00 hs.Funci\u00f3n: 17:30 hs. &nbsp; Para asegurar tu lugar es necesario que abones tus entradas, estamos de Lunes\" \/>\n<meta property=\"og:url\" content=\"https:\/\/www.ludilau.com.ar\/web\/teatro-para-bebes-cartelera-buenos-aires\/\" \/>\n<meta property=\"og:site_name\" content=\"Espacio Ludilau\" \/>\n<meta property=\"article:publisher\" content=\"https:\/\/www.facebook.com\/Ludilau\" \/>\n<meta property=\"article:modified_time\" content=\"2019-06-06T10:11:24+00:00\" \/>\n<meta property=\"og:image\" content=\"https:\/\/www.ludilau.com.ar\/web\/wp-content\/uploads\/2019\/06\/olas-de-papel-2019.jpg\" \/>\n<meta name=\"twitter:card\" content=\"summary_large_image\" \/>\n<meta name=\"twitter:site\" content=\"@espacioludilau\" \/>\n<meta name=\"twitter:label1\" content=\"Tiempo de lectura\" \/>\n\t<meta name=\"twitter:data1\" content=\"2 minutos\" \/>\n<script type=\"application\/ld+json\" class=\"yoast-schema-graph\">{\"@context\":\"https:\/\/schema.org\",\"@graph\":[{\"@type\":\"WebPage\",\"@id\":\"https:\/\/www.ludilau.com.ar\/web\/teatro-para-bebes-cartelera-buenos-aires\/\",\"url\":\"https:\/\/www.ludilau.com.ar\/web\/teatro-para-bebes-cartelera-buenos-aires\/\",\"name\":\"Teatro para beb\u00e9s - Cartelera - Espacio Ludilau\",\"isPartOf\":{\"@id\":\"https:\/\/www.ludilau.com.ar\/web\/#website\"},\"primaryImageOfPage\":{\"@id\":\"https:\/\/www.ludilau.com.ar\/web\/teatro-para-bebes-cartelera-buenos-aires\/#primaryimage\"},\"image\":{\"@id\":\"https:\/\/www.ludilau.com.ar\/web\/teatro-para-bebes-cartelera-buenos-aires\/#primaryimage\"},\"thumbnailUrl\":\"https:\/\/www.ludilau.com.ar\/web\/wp-content\/uploads\/2019\/06\/olas-de-papel-2019.jpg\",\"datePublished\":\"2019-04-22T20:17:13+00:00\",\"dateModified\":\"2019-06-06T10:11:24+00:00\",\"breadcrumb\":{\"@id\":\"https:\/\/www.ludilau.com.ar\/web\/teatro-para-bebes-cartelera-buenos-aires\/#breadcrumb\"},\"inLanguage\":\"es\",\"potentialAction\":[{\"@type\":\"ReadAction\",\"target\":[\"https:\/\/www.ludilau.com.ar\/web\/teatro-para-bebes-cartelera-buenos-aires\/\"]}]},{\"@type\":\"ImageObject\",\"inLanguage\":\"es\",\"@id\":\"https:\/\/www.ludilau.com.ar\/web\/teatro-para-bebes-cartelera-buenos-aires\/#primaryimage\",\"url\":\"https:\/\/www.ludilau.com.ar\/web\/wp-content\/uploads\/2019\/06\/olas-de-papel-2019.jpg\",\"contentUrl\":\"https:\/\/www.ludilau.com.ar\/web\/wp-content\/uploads\/2019\/06\/olas-de-papel-2019.jpg\",\"width\":736,\"height\":979,\"caption\":\"Teatro para Beb\u00e9s: Olas de Papel 2019 en Ludilau\"},{\"@type\":\"BreadcrumbList\",\"@id\":\"https:\/\/www.ludilau.com.ar\/web\/teatro-para-bebes-cartelera-buenos-aires\/#breadcrumb\",\"itemListElement\":[{\"@type\":\"ListItem\",\"position\":1,\"name\":\"Portada\",\"item\":\"https:\/\/www.ludilau.com.ar\/web\/\"},{\"@type\":\"ListItem\",\"position\":2,\"name\":\"Teatro para beb\u00e9s &#8211; Cartelera\"}]},{\"@type\":\"WebSite\",\"@id\":\"https:\/\/www.ludilau.com.ar\/web\/#website\",\"url\":\"https:\/\/www.ludilau.com.ar\/web\/\",\"name\":\"Espacio Ludilau\",\"description\":\"Acompa\u00f1amos a las Familias desde el juego, la m\u00fasica, el masaje, la crianza, el movimiento y la socializaci\u00f3n durante los primeros a\u00f1os de la mapaternidad.\",\"potentialAction\":[{\"@type\":\"SearchAction\",\"target\":{\"@type\":\"EntryPoint\",\"urlTemplate\":\"https:\/\/www.ludilau.com.ar\/web\/?s={search_term_string}\"},\"query-input\":{\"@type\":\"PropertyValueSpecification\",\"valueRequired\":true,\"valueName\":\"search_term_string\"}}],\"inLanguage\":\"es\"}]}<\/script>\n<!-- \/ Yoast SEO plugin. -->","yoast_head_json":{"title":"Teatro para beb\u00e9s - Cartelera - Espacio Ludilau","robots":{"index":"index","follow":"follow","max-snippet":"max-snippet:-1","max-image-preview":"max-image-preview:large","max-video-preview":"max-video-preview:-1"},"canonical":"https:\/\/www.ludilau.com.ar\/web\/teatro-para-bebes-cartelera-buenos-aires\/","og_locale":"es_ES","og_type":"article","og_title":"Teatro para beb\u00e9s - Cartelera - Espacio Ludilau","og_description":"Compa\u00f1\u00eda Coco Liso y Espacio Ludilau PRESENTAN&#8230; OLAS DE PAPEL Beb\u00e9s de 6 a 36 meses S\u00e1bado 29 de Junio de 2019Funci\u00f3n: 16:00 hs.Funci\u00f3n: 17:30 hs. &nbsp; Para asegurar tu lugar es necesario que abones tus entradas, estamos de Lunes","og_url":"https:\/\/www.ludilau.com.ar\/web\/teatro-para-bebes-cartelera-buenos-aires\/","og_site_name":"Espacio Ludilau","article_publisher":"https:\/\/www.facebook.com\/Ludilau","article_modified_time":"2019-06-06T10:11:24+00:00","og_image":[{"url":"https:\/\/www.ludilau.com.ar\/web\/wp-content\/uploads\/2019\/06\/olas-de-papel-2019.jpg","type":"","width":"","height":""}],"twitter_card":"summary_large_image","twitter_site":"@espacioludilau","twitter_misc":{"Tiempo de lectura":"2 minutos"},"schema":{"@context":"https:\/\/schema.org","@graph":[{"@type":"WebPage","@id":"https:\/\/www.ludilau.com.ar\/web\/teatro-para-bebes-cartelera-buenos-aires\/","url":"https:\/\/www.ludilau.com.ar\/web\/teatro-para-bebes-cartelera-buenos-aires\/","name":"Teatro para beb\u00e9s - Cartelera - Espacio Ludilau","isPartOf":{"@id":"https:\/\/www.ludilau.com.ar\/web\/#website"},"primaryImageOfPage":{"@id":"https:\/\/www.ludilau.com.ar\/web\/teatro-para-bebes-cartelera-buenos-aires\/#primaryimage"},"image":{"@id":"https:\/\/www.ludilau.com.ar\/web\/teatro-para-bebes-cartelera-buenos-aires\/#primaryimage"},"thumbnailUrl":"https:\/\/www.ludilau.com.ar\/web\/wp-content\/uploads\/2019\/06\/olas-de-papel-2019.jpg","datePublished":"2019-04-22T20:17:13+00:00","dateModified":"2019-06-06T10:11:24+00:00","breadcrumb":{"@id":"https:\/\/www.ludilau.com.ar\/web\/teatro-para-bebes-cartelera-buenos-aires\/#breadcrumb"},"inLanguage":"es","potentialAction":[{"@type":"ReadAction","target":["https:\/\/www.ludilau.com.ar\/web\/teatro-para-bebes-cartelera-buenos-aires\/"]}]},{"@type":"ImageObject","inLanguage":"es","@id":"https:\/\/www.ludilau.com.ar\/web\/teatro-para-bebes-cartelera-buenos-aires\/#primaryimage","url":"https:\/\/www.ludilau.com.ar\/web\/wp-content\/uploads\/2019\/06\/olas-de-papel-2019.jpg","contentUrl":"https:\/\/www.ludilau.com.ar\/web\/wp-content\/uploads\/2019\/06\/olas-de-papel-2019.jpg","width":736,"height":979,"caption":"Teatro para Beb\u00e9s: Olas de Papel 2019 en Ludilau"},{"@type":"BreadcrumbList","@id":"https:\/\/www.ludilau.com.ar\/web\/teatro-para-bebes-cartelera-buenos-aires\/#breadcrumb","itemListElement":[{"@type":"ListItem","position":1,"name":"Portada","item":"https:\/\/www.ludilau.com.ar\/web\/"},{"@type":"ListItem","position":2,"name":"Teatro para beb\u00e9s &#8211; Cartelera"}]},{"@type":"WebSite","@id":"https:\/\/www.ludilau.com.ar\/web\/#website","url":"https:\/\/www.ludilau.com.ar\/web\/","name":"Espacio Ludilau","description":"Acompa\u00f1amos a las Familias desde el juego, la m\u00fasica, el masaje, la crianza, el movimiento y la socializaci\u00f3n durante los primeros a\u00f1os de la mapaternidad.","potentialAction":[{"@type":"SearchAction","target":{"@type":"EntryPoint","urlTemplate":"https:\/\/www.ludilau.com.ar\/web\/?s={search_term_string}"},"query-input":{"@type":"PropertyValueSpecification","valueRequired":true,"valueName":"search_term_string"}}],"inLanguage":"es"}]}},"_links":{"self":[{"href":"https:\/\/www.ludilau.com.ar\/web\/wp-json\/wp\/v2\/pages\/9291","targetHints":{"allow":["GET"]}}],"collection":[{"href":"https:\/\/www.ludilau.com.ar\/web\/wp-json\/wp\/v2\/pages"}],"about":[{"href":"https:\/\/www.ludilau.com.ar\/web\/wp-json\/wp\/v2\/types\/page"}],"author":[{"embeddable":true,"href":"https:\/\/www.ludilau.com.ar\/web\/wp-json\/wp\/v2\/users\/1"}],"replies":[{"embeddable":true,"href":"https:\/\/www.ludilau.com.ar\/web\/wp-json\/wp\/v2\/comments?post=9291"}],"version-history":[{"count":2,"href":"https:\/\/www.ludilau.com.ar\/web\/wp-json\/wp\/v2\/pages\/9291\/revisions"}],"predecessor-version":[{"id":9596,"href":"https:\/\/www.ludilau.com.ar\/web\/wp-json\/wp\/v2\/pages\/9291\/revisions\/9596"}],"wp:attachment":[{"href":"https:\/\/www.ludilau.com.ar\/web\/wp-json\/wp\/v2\/media?parent=9291"}],"curies":[{"name":"wp","href":"https:\/\/api.w.org\/{rel}","templated":true}]}}